{"id":239187,"date":"2026-01-27T19:30:55","date_gmt":"2026-01-27T18:30:55","guid":{"rendered":"https:\/\/www.lecourt-clermont.org\/prix-du-meilleur-film-documentaire\/"},"modified":"2026-01-28T18:32:33","modified_gmt":"2026-01-28T17:32:33","slug":"prix-du-meilleur-film-documentaire","status":"publish","type":"page","link":"https:\/\/www.lecourt-clermont.org\/en\/prix-du-meilleur-film-documentaire\/","title":{"rendered":"AWARD FOR BEST DOCUMENTARY"},"content":{"rendered":"<div class=\"wpb-content-wrapper\"><p>[vc_row full_width=&#8221;stretch_row_content_no_spaces&#8221;][vc_column]<div class=\"ult-spacer spacer-6a08863324a42\" data-id=\"6a08863324a42\" data-height=\"30\" data-height-mobile=\"30\" data-height-tab=\"30\" data-height-tab-portrait=\"\" data-height-mobile-landscape=\"\" style=\"clear:both;display:block;\"><\/div>[vc_single_image image=&#8221;9262&#8243; img_size=&#8221;full&#8221; css=&#8221;.vc_custom_1769538374010{margin-bottom: 0px !important;}&#8221;]<div class=\"ult-spacer spacer-6a08863324aab\" data-id=\"6a08863324aab\" data-height=\"30\" data-height-mobile=\"30\" data-height-tab=\"30\" data-height-tab-portrait=\"\" data-height-mobile-landscape=\"\" style=\"clear:both;display:block;\"><\/div>[\/vc_column][\/vc_row][vc_row full_width=&#8221;stretch_row_content_no_spaces&#8221; equal_height=&#8221;yes&#8221; rtl_reverse=&#8221;yes&#8221;][vc_column width=&#8221;1\/12&#8243;][\/vc_column][vc_column width=&#8221;1\/6&#8243; el_class=&#8221;colonne-infos&#8221;][vc_single_image image=&#8221;41187&#8243; img_size=&#8221;medium&#8221; css=&#8221;.vc_custom_1769549862224{margin-bottom: 5px !important;}&#8221;][vc_single_image image=&#8221;41189&#8243; img_size=&#8221;medium&#8221; css=&#8221;&#8221;][\/vc_column][vc_column width=&#8221;1\/12&#8243;][\/vc_column][vc_column width=&#8221;8\/12&#8243;][vc_row_inner content_placement=&#8221;middle&#8221; gap=&#8221;15&#8243; css=&#8221;.vc_custom_1727092995924{margin-right: 90px !important;margin-left: 0px !important;background-color: #FFFFFF !important;}&#8221;][vc_column_inner css=&#8221;.vc_custom_1727099451132{padding-top: 0px !important;}&#8221;][vc_column_text css=&#8221;&#8221; el_class=&#8221;intro&#8221;]<\/p>\n<p class=\"p1\">The <strong>Cin\u00e9math\u00e8que du documentaire<\/strong> and <strong>T\u00ebnk<\/strong> will award the prize for best documentary film at the 2026 Clermont-Ferrand Short Film Festival.<\/p>\n<p>[\/vc_column_text][vc_column_text css=&#8221;&#8221; el_class=&#8221;bloc couleur coul-2&#8243;]<\/p>\n<h3><strong>Prizes:<\/strong><\/h3>\n<ul>\n<li>\u20ac1,000 (for the director),<\/li>\n<li>\u20ac2,500 for the purchase of film rights by the Cin\u00e9math\u00e8que du documentaire for the Images de la culture catalogue,<\/li>\n<li>as well as a purchase of rights by T\u00ebnk for a 4-month SVoD broadcast.<\/li>\n<\/ul>\n<p>[\/vc_column_text]<div class=\"ult-spacer spacer-6a08863324ae8\" data-id=\"6a08863324ae8\" data-height=\"15\" data-height-mobile=\"15\" data-height-tab=\"15\" data-height-tab-portrait=\"\" data-height-mobile-landscape=\"\" style=\"clear:both;display:block;\"><\/div>[vc_column_text css=&#8221;.vc_custom_1769621019421{margin-bottom: 10px !important;}&#8221;]<\/p>\n<h3>List of eligible films:<\/h3>\n<p>[\/vc_column_text][\/vc_column_inner][\/vc_row_inner][vc_column_text css=&#8221;&#8221;]<\/p>\n<h4>Comp\u00e9tition nationale<\/h4>\n<p><a href=\"https:\/\/www.lecourt-clermont.org\/film\/if-you-dont-like-it-look-away\/\" target=\"_blank\" rel=\"noopener\"><strong>Au bain des Dames<\/strong><\/a> \/ Margaux Fournier \/ France \/ 2025 \/ Documentary fiction \/ 30&#8242;<\/p>\n<p><a href=\"https:\/\/www.lecourt-clermont.org\/film\/intersecting-memory\/\" target=\"_blank\" rel=\"noopener\"><strong>Intersecting Memory<\/strong><\/a> \/ Shayma&#8217; Awawdeh \/ France, Palestine \/ 2025 \/ Documentary \/ 21&#8242;<\/p>\n<p><a href=\"https:\/\/www.lecourt-clermont.org\/film\/jolie-petite-histoire\/\" target=\"_blank\" rel=\"noopener\"><strong>Jolie Petite Histoire<\/strong><\/a> \/ \u00c9lodie Beaumont Tarillon \/ France \/ 2025 \/ Documentary \/ 27&#8242;<\/p>\n<p><a href=\"https:\/\/www.lecourt-clermont.org\/film\/eternity\/\" target=\"_blank\" rel=\"noopener\"><strong>L&#8217; \u00c9ternit\u00e9<\/strong><\/a>\u00a0\/ S\u00e9bastien Betbeder \/ France \/ 2025 \/ Fiction \/ 29&#8242;<\/p>\n<p><a href=\"https:\/\/www.lecourt-clermont.org\/film\/half-tank-till-dawn\/\" target=\"_blank\" rel=\"noopener\"><strong>8 litres et demi jusqu&#8217;a\u0300 l&#8217;aube<\/strong><\/a> \/ S\u00e9bastien Betbeder \/ France \/ 2025 \/ Fiction \/ 29&#8242;[\/vc_column_text][vc_column_text css=&#8221;&#8221;]<\/p>\n<h4>Comp\u00e9tition internationale<\/h4>\n<p><strong><a href=\"https:\/\/www.lecourt-clermont.org\/film\/no-mean-city\/\" target=\"_blank\" rel=\"noopener\">No Mean City<\/a> \/ <\/strong>Ross McClean \/ United Kingdom, Northern Ireland \/ 2025 \/ Documentary \/ 15&#8242;<\/p>\n<p><a href=\"https:\/\/www.lecourt-clermont.org\/film\/hunting\/\" target=\"_blank\" rel=\"noopener\"><strong>Qui part \u00e0 la chasse <\/strong><\/a>\/ Lea Favre \/ Switzerland \/ 2025 \/ Animated documentary \/ 11&#8242;<\/p>\n<p><a href=\"https:\/\/www.lecourt-clermont.org\/film\/air-horse-one\/\" target=\"_blank\" rel=\"noopener\"><strong>Air Horse One<\/strong><\/a> \/ Lasse Linder \/ Switzerland, Belgium \/ 2025 \/ Documentary \/ 21&#8242;<\/p>\n<p><strong><a href=\"https:\/\/www.lecourt-clermont.org\/film\/buda\/\" target=\"_blank\" rel=\"noopener\">Buda<\/a>\u00a0<\/strong>\/ Rapha\u00ebl Kaddour \/ Belgium \/ 2025 \/ Documentary \/ 24&#8242;<\/p>\n<p><a href=\"https:\/\/www.lecourt-clermont.org\/film\/correct-me-if-im-wrong\/\" target=\"_blank\" rel=\"noopener\"><strong>Ru ni suo yuan<\/strong><\/a><strong> \/\u00a0<\/strong>Hao Zhou \/ Germany, United States \/ 2025 \/ Documentary \/ 22&#8242;<\/p>\n<p><strong><a href=\"https:\/\/www.lecourt-clermont.org\/film\/breaking-walls\/\" target=\"_blank\" rel=\"noopener\">Breaking Walls<\/a>\u00a0<\/strong>\/ Jan-Dirk Bouw \/ Netherlands, Norway, Belgium \/ 2025 \/ Animated documentary \/ 23&#8242;<\/p>\n<p><a href=\"https:\/\/www.lecourt-clermont.org\/film\/not-scared-just-sad\/\" target=\"_blank\" rel=\"noopener\"><strong>Not Scared, Just Sad<\/strong><\/a> \/ Isabelle Mecattaf \/ Lebanon, Bulgaria \/ 2025 \/ Documentary \/ 18&#8242;[\/vc_column_text][vc_column_text css=&#8221;&#8221;]<\/p>\n<h4>Comp\u00e9tition Labo<\/h4>\n<p><a href=\"https:\/\/www.lecourt-clermont.org\/en\/movie\/dar-band-en\/\" target=\"_blank\" rel=\"noopener\"><strong>Dar Band<\/strong><\/a> \/ Hesam Eslami \/ Iran \/ 2025 \/ Documentary \/ 15&#8242;<\/p>\n<p><a href=\"https:\/\/www.lecourt-clermont.org\/film\/langue-morte\/\" target=\"_blank\" rel=\"noopener\"><strong>Lengua Muerta<\/strong><\/a> \/ Jos\u00e9 Jim\u00e9nez \/ Chile \/ 2025 \/ Documentary \/ 25&#8242;<\/p>\n<p><a href=\"https:\/\/www.lecourt-clermont.org\/film\/murewa\/\" target=\"_blank\" rel=\"noopener\"><strong>Murewa<\/strong><\/a> \/ Ch\u00e9 Scott-Heron Newton \/ United Kingdom, England \/ 2025 \/ Documentary \/ 15&#8242;<\/p>\n<p><a href=\"https:\/\/www.lecourt-clermont.org\/film\/mort-dune-machine-fantastique\/\" target=\"_blank\" rel=\"noopener\"><strong>Death of a Fantastic Machine<\/strong><\/a> \/ Axel Danielson, Maximilien Van Aertryck \/ Sweden \/ 2025 \/\u00a0 Documentary \/ 17&#8242;<\/p>\n<p><a href=\"https:\/\/www.lecourt-clermont.org\/film\/rio-continue-detre-belle\/\" target=\"_blank\" rel=\"noopener\"><strong>O Rio de Janeiro Continua Lindo<\/strong><\/a> \/ Felipe Casanova \/ Belgium, Brazil, Switzerland \/ 2025 \/\u00a0 Experimental documentary \/ 24&#8242;<\/p>\n<p><a href=\"https:\/\/www.lecourt-clermont.org\/film\/memories-of-a-friend\/\" target=\"_blank\" rel=\"noopener\"><strong>Souvenirs d&#8217;un ami<\/strong><\/a> \/ Olivier Smolders \/ Belgium \/ 2025 \/ Experimental documentary \/ 24&#8242;<\/p>\n<p><a href=\"https:\/\/www.lecourt-clermont.org\/film\/amateur-sur-la-lune\/\" target=\"_blank\" rel=\"noopener\"><strong>Amateur in the Moon<\/strong><\/a> \/ Chunni Lin, Pang-Chuan Huang \/ Ta\u00efwan \/ 2025 \/ Experimental documentary \/ 22&#8242;<\/p>\n<p><a href=\"https:\/\/www.lecourt-clermont.org\/film\/equarrisseurs\/\" target=\"_blank\" rel=\"noopener\"><strong>\u00c9quarrisseurs<\/strong><\/a> \/ Hippolyte Burkhart-Uhlen \/ France \/ 2025 \/ Experimental documentary \/ 10&#8242;<\/p>\n<p><a href=\"https:\/\/www.lecourt-clermont.org\/film\/their-eyes\/\" target=\"_blank\" rel=\"noopener\"><strong>Their Eyes<\/strong><\/a> \/ Nicolas Gourault \/ France \/ 2025 \/ Documentary \/ 23&#8242;<\/p>\n<p><a href=\"https:\/\/www.lecourt-clermont.org\/film\/sixty-seven-milliseconds\/\" target=\"_blank\" rel=\"noopener\"><strong>Soixante-sept millisecondes<\/strong><\/a> \/ Fleuryfontaine \/ France \/ 2025 \/ Animated documentary \/ 15&#8242;<\/p>\n<p><a href=\"https:\/\/www.lecourt-clermont.org\/film\/lmina\/\" target=\"_blank\" rel=\"noopener\"><strong>L\u2019Mina<\/strong><\/a> \/ Randa Maroufi \/ France, Maroc \/ 2025 \/ Experimental documentary \/ 26&#8242;<\/p>\n<p><a href=\"https:\/\/www.lecourt-clermont.org\/film\/je-veux-quon-se-souvienne-de-nous\/\" target=\"_blank\" rel=\"noopener\"><strong>I Want My People to Be Remembered<\/strong><\/a> \/ H\u00e9l\u00e8ne Giannecchini \/ France \/ 2025 \/ Experimental documentary \/ 27&#8242;[\/vc_column_text][\/vc_column][\/vc_row][vc_row][vc_column][\/vc_column][\/vc_row][vc_row][vc_column]<div class=\"ult-spacer spacer-6a08863324b1c\" data-id=\"6a08863324b1c\" data-height=\"30\" data-height-mobile=\"30\" data-height-tab=\"30\" data-height-tab-portrait=\"\" data-height-mobile-landscape=\"\" style=\"clear:both;display:block;\"><\/div>[\/vc_column][\/vc_row]<\/p>\n<\/div>","protected":false},"excerpt":{"rendered":"<p>[vc_row full_width=&#8221;stretch_row_content_no_spaces&#8221;][vc_column][vc_single_image image=&#8221;9262&#8243; img_size=&#8221;full&#8221; css=&#8221;.vc_custom_1769538374010{margin-bottom: 0px !important;}&#8221;][\/vc_column][\/vc_row][vc_row full_width=&#8221;stretch_row_content_no_spaces&#8221; equal_height=&#8221;yes&#8221; rtl_reverse=&#8221;yes&#8221;][vc_column width=&#8221;1\/12&#8243;][\/vc_column][vc_column width=&#8221;1\/6&#8243; el_class=&#8221;colonne-infos&#8221;][vc_single_image image=&#8221;41187&#8243; img_size=&#8221;medium&#8221; css=&#8221;.vc_custom_1769549862224{margin-bottom: 5px !important;}&#8221;][vc_single_image image=&#8221;41189&#8243; img_size=&#8221;medium&#8221; css=&#8221;&#8221;][\/vc_column][vc_column width=&#8221;1\/12&#8243;][\/vc_column][vc_column width=&#8221;8\/12&#8243;][vc_row_inner content_placement=&#8221;middle&#8221; gap=&#8221;15&#8243; css=&#8221;.vc_custom_1727092995924{margin-right: 90px !important;margin-left: 0px !important;background-color: #FFFFFF !important;}&#8221;][vc_column_inner css=&#8221;.vc_custom_1727099451132{padding-top: 0px !important;}&#8221;][vc_column_text css=&#8221;&#8221; el_class=&#8221;intro&#8221;] The Cin\u00e9math\u00e8que du documentaire and T\u00ebnk will award the prize for best documentary film at the 2026 Clermont-Ferrand [&hellip;]<\/p>\n","protected":false},"author":2,"featured_media":0,"parent":0,"menu_order":0,"comment_status":"closed","ping_status":"closed","template":"","meta":{"_acf_changed":false,"footnotes":""},"class_list":["post-239187","page","type-page","status-publish","hentry"],"acf":[],"yoast_head":"<!-- This site is optimized with the Yoast SEO plugin v25.3 - https:\/\/yoast.com\/wordpress\/plugins\/seo\/ -->\n<title>AWARD FOR BEST DOCUMENTARY - Festival international du court-m\u00e9trage<\/title>\n<meta name=\"robots\" content=\"index, follow, max-snippet:-1, max-image-preview:large, max-video-preview:-1\" \/>\n<link rel=\"canonical\" href=\"https:\/\/www.lecourt-clermont.org\/en\/prix-du-meilleur-film-documentaire\/\" \/>\n<meta property=\"og:locale\" content=\"en_US\" \/>\n<meta property=\"og:type\" content=\"article\" \/>\n<meta property=\"og:title\" content=\"AWARD FOR BEST DOCUMENTARY - Festival international du court-m\u00e9trage\" \/>\n<meta property=\"og:description\" content=\"[vc_row full_width=&#8221;stretch_row_content_no_spaces&#8221;][vc_column][vc_single_image image=&#8221;9262&#8243; img_size=&#8221;full&#8221; css=&#8221;.vc_custom_1769538374010{margin-bottom: 0px !important;}&#8221;][\/vc_column][\/vc_row][vc_row full_width=&#8221;stretch_row_content_no_spaces&#8221; equal_height=&#8221;yes&#8221; rtl_reverse=&#8221;yes&#8221;][vc_column width=&#8221;1\/12&#8243;][\/vc_column][vc_column width=&#8221;1\/6&#8243; el_class=&#8221;colonne-infos&#8221;][vc_single_image image=&#8221;41187&#8243; img_size=&#8221;medium&#8221; css=&#8221;.vc_custom_1769549862224{margin-bottom: 5px !important;}&#8221;][vc_single_image image=&#8221;41189&#8243; img_size=&#8221;medium&#8221; css=&#8221;&#8221;][\/vc_column][vc_column width=&#8221;1\/12&#8243;][\/vc_column][vc_column width=&#8221;8\/12&#8243;][vc_row_inner content_placement=&#8221;middle&#8221; gap=&#8221;15&#8243; css=&#8221;.vc_custom_1727092995924{margin-right: 90px !important;margin-left: 0px !important;background-color: #FFFFFF !important;}&#8221;][vc_column_inner css=&#8221;.vc_custom_1727099451132{padding-top: 0px !important;}&#8221;][vc_column_text css=&#8221;&#8221; el_class=&#8221;intro&#8221;] The Cin\u00e9math\u00e8que du documentaire and T\u00ebnk will award the prize for best documentary film at the 2026 Clermont-Ferrand [&hellip;]\" \/>\n<meta property=\"og:url\" content=\"https:\/\/www.lecourt-clermont.org\/en\/prix-du-meilleur-film-documentaire\/\" \/>\n<meta property=\"og:site_name\" content=\"Festival international du court-m\u00e9trage\" \/>\n<meta property=\"article:modified_time\" content=\"2026-01-28T17:32:33+00:00\" \/>\n<meta property=\"og:image\" content=\"https:\/\/www.lecourt-clermont.org\/wp-content\/uploads\/2024\/11\/SQP_Logo.png\" \/>\n\t<meta property=\"og:image:width\" content=\"616\" \/>\n\t<meta property=\"og:image:height\" content=\"470\" \/>\n\t<meta property=\"og:image:type\" content=\"image\/png\" \/>\n<meta name=\"twitter:card\" content=\"summary_large_image\" \/>\n<meta name=\"twitter:label1\" content=\"Est. reading time\" \/>\n\t<meta name=\"twitter:data1\" content=\"4 minutes\" \/>\n<script type=\"application\/ld+json\" class=\"yoast-schema-graph\">{\"@context\":\"https:\/\/schema.org\",\"@graph\":[{\"@type\":\"WebPage\",\"@id\":\"https:\/\/www.lecourt-clermont.org\/en\/prix-du-meilleur-film-documentaire\/\",\"url\":\"https:\/\/www.lecourt-clermont.org\/en\/prix-du-meilleur-film-documentaire\/\",\"name\":\"AWARD FOR BEST DOCUMENTARY - Festival international du court-m\u00e9trage\",\"isPartOf\":{\"@id\":\"https:\/\/www.lecourt-clermont.org\/en\/#website\"},\"datePublished\":\"2026-01-27T18:30:55+00:00\",\"dateModified\":\"2026-01-28T17:32:33+00:00\",\"breadcrumb\":{\"@id\":\"https:\/\/www.lecourt-clermont.org\/en\/prix-du-meilleur-film-documentaire\/#breadcrumb\"},\"inLanguage\":\"en-US\",\"potentialAction\":[{\"@type\":\"ReadAction\",\"target\":[\"https:\/\/www.lecourt-clermont.org\/en\/prix-du-meilleur-film-documentaire\/\"]}]},{\"@type\":\"BreadcrumbList\",\"@id\":\"https:\/\/www.lecourt-clermont.org\/en\/prix-du-meilleur-film-documentaire\/#breadcrumb\",\"itemListElement\":[{\"@type\":\"ListItem\",\"position\":1,\"name\":\"Home\",\"item\":\"https:\/\/www.lecourt-clermont.org\/en\/\"},{\"@type\":\"ListItem\",\"position\":2,\"name\":\"AWARD FOR BEST DOCUMENTARY\"}]},{\"@type\":\"WebSite\",\"@id\":\"https:\/\/www.lecourt-clermont.org\/en\/#website\",\"url\":\"https:\/\/www.lecourt-clermont.org\/en\/\",\"name\":\"Festival international du court-m\u00e9trage\",\"description\":\"Le slogan du site\",\"publisher\":{\"@id\":\"https:\/\/www.lecourt-clermont.org\/en\/#organization\"},\"potentialAction\":[{\"@type\":\"SearchAction\",\"target\":{\"@type\":\"EntryPoint\",\"urlTemplate\":\"https:\/\/www.lecourt-clermont.org\/en\/?s={search_term_string}\"},\"query-input\":{\"@type\":\"PropertyValueSpecification\",\"valueRequired\":true,\"valueName\":\"search_term_string\"}}],\"inLanguage\":\"en-US\"},{\"@type\":\"Organization\",\"@id\":\"https:\/\/www.lecourt-clermont.org\/en\/#organization\",\"name\":\"Festival international du court-m\u00e9trage\",\"url\":\"https:\/\/www.lecourt-clermont.org\/en\/\",\"logo\":{\"@type\":\"ImageObject\",\"inLanguage\":\"en-US\",\"@id\":\"https:\/\/www.lecourt-clermont.org\/en\/#\/schema\/logo\/image\/\",\"url\":\"https:\/\/lecourt.cloud-sak.com\/wp-content\/uploads\/2024\/11\/SQP_Logo.png\",\"contentUrl\":\"https:\/\/lecourt.cloud-sak.com\/wp-content\/uploads\/2024\/11\/SQP_Logo.png\",\"width\":616,\"height\":470,\"caption\":\"Festival international du court-m\u00e9trage\"},\"image\":{\"@id\":\"https:\/\/www.lecourt-clermont.org\/en\/#\/schema\/logo\/image\/\"}}]}<\/script>\n<!-- \/ Yoast SEO plugin. -->","yoast_head_json":{"title":"AWARD FOR BEST DOCUMENTARY - Festival international du court-m\u00e9trage","robots":{"index":"index","follow":"follow","max-snippet":"max-snippet:-1","max-image-preview":"max-image-preview:large","max-video-preview":"max-video-preview:-1"},"canonical":"https:\/\/www.lecourt-clermont.org\/en\/prix-du-meilleur-film-documentaire\/","og_locale":"en_US","og_type":"article","og_title":"AWARD FOR BEST DOCUMENTARY - Festival international du court-m\u00e9trage","og_description":"[vc_row full_width=&#8221;stretch_row_content_no_spaces&#8221;][vc_column][vc_single_image image=&#8221;9262&#8243; img_size=&#8221;full&#8221; css=&#8221;.vc_custom_1769538374010{margin-bottom: 0px !important;}&#8221;][\/vc_column][\/vc_row][vc_row full_width=&#8221;stretch_row_content_no_spaces&#8221; equal_height=&#8221;yes&#8221; rtl_reverse=&#8221;yes&#8221;][vc_column width=&#8221;1\/12&#8243;][\/vc_column][vc_column width=&#8221;1\/6&#8243; el_class=&#8221;colonne-infos&#8221;][vc_single_image image=&#8221;41187&#8243; img_size=&#8221;medium&#8221; css=&#8221;.vc_custom_1769549862224{margin-bottom: 5px !important;}&#8221;][vc_single_image image=&#8221;41189&#8243; img_size=&#8221;medium&#8221; css=&#8221;&#8221;][\/vc_column][vc_column width=&#8221;1\/12&#8243;][\/vc_column][vc_column width=&#8221;8\/12&#8243;][vc_row_inner content_placement=&#8221;middle&#8221; gap=&#8221;15&#8243; css=&#8221;.vc_custom_1727092995924{margin-right: 90px !important;margin-left: 0px !important;background-color: #FFFFFF !important;}&#8221;][vc_column_inner css=&#8221;.vc_custom_1727099451132{padding-top: 0px !important;}&#8221;][vc_column_text css=&#8221;&#8221; el_class=&#8221;intro&#8221;] The Cin\u00e9math\u00e8que du documentaire and T\u00ebnk will award the prize for best documentary film at the 2026 Clermont-Ferrand [&hellip;]","og_url":"https:\/\/www.lecourt-clermont.org\/en\/prix-du-meilleur-film-documentaire\/","og_site_name":"Festival international du court-m\u00e9trage","article_modified_time":"2026-01-28T17:32:33+00:00","og_image":[{"width":616,"height":470,"url":"https:\/\/www.lecourt-clermont.org\/wp-content\/uploads\/2024\/11\/SQP_Logo.png","type":"image\/png"}],"twitter_card":"summary_large_image","twitter_misc":{"Est. reading time":"4 minutes"},"schema":{"@context":"https:\/\/schema.org","@graph":[{"@type":"WebPage","@id":"https:\/\/www.lecourt-clermont.org\/en\/prix-du-meilleur-film-documentaire\/","url":"https:\/\/www.lecourt-clermont.org\/en\/prix-du-meilleur-film-documentaire\/","name":"AWARD FOR BEST DOCUMENTARY - Festival international du court-m\u00e9trage","isPartOf":{"@id":"https:\/\/www.lecourt-clermont.org\/en\/#website"},"datePublished":"2026-01-27T18:30:55+00:00","dateModified":"2026-01-28T17:32:33+00:00","breadcrumb":{"@id":"https:\/\/www.lecourt-clermont.org\/en\/prix-du-meilleur-film-documentaire\/#breadcrumb"},"inLanguage":"en-US","potentialAction":[{"@type":"ReadAction","target":["https:\/\/www.lecourt-clermont.org\/en\/prix-du-meilleur-film-documentaire\/"]}]},{"@type":"BreadcrumbList","@id":"https:\/\/www.lecourt-clermont.org\/en\/prix-du-meilleur-film-documentaire\/#breadcrumb","itemListElement":[{"@type":"ListItem","position":1,"name":"Home","item":"https:\/\/www.lecourt-clermont.org\/en\/"},{"@type":"ListItem","position":2,"name":"AWARD FOR BEST DOCUMENTARY"}]},{"@type":"WebSite","@id":"https:\/\/www.lecourt-clermont.org\/en\/#website","url":"https:\/\/www.lecourt-clermont.org\/en\/","name":"Festival international du court-m\u00e9trage","description":"Le slogan du site","publisher":{"@id":"https:\/\/www.lecourt-clermont.org\/en\/#organization"},"potentialAction":[{"@type":"SearchAction","target":{"@type":"EntryPoint","urlTemplate":"https:\/\/www.lecourt-clermont.org\/en\/?s={search_term_string}"},"query-input":{"@type":"PropertyValueSpecification","valueRequired":true,"valueName":"search_term_string"}}],"inLanguage":"en-US"},{"@type":"Organization","@id":"https:\/\/www.lecourt-clermont.org\/en\/#organization","name":"Festival international du court-m\u00e9trage","url":"https:\/\/www.lecourt-clermont.org\/en\/","logo":{"@type":"ImageObject","inLanguage":"en-US","@id":"https:\/\/www.lecourt-clermont.org\/en\/#\/schema\/logo\/image\/","url":"https:\/\/lecourt.cloud-sak.com\/wp-content\/uploads\/2024\/11\/SQP_Logo.png","contentUrl":"https:\/\/lecourt.cloud-sak.com\/wp-content\/uploads\/2024\/11\/SQP_Logo.png","width":616,"height":470,"caption":"Festival international du court-m\u00e9trage"},"image":{"@id":"https:\/\/www.lecourt-clermont.org\/en\/#\/schema\/logo\/image\/"}}]}},"_links":{"self":[{"href":"https:\/\/www.lecourt-clermont.org\/en\/wp-json\/wp\/v2\/pages\/239187","targetHints":{"allow":["GET"]}}],"collection":[{"href":"https:\/\/www.lecourt-clermont.org\/en\/wp-json\/wp\/v2\/pages"}],"about":[{"href":"https:\/\/www.lecourt-clermont.org\/en\/wp-json\/wp\/v2\/types\/page"}],"author":[{"embeddable":true,"href":"https:\/\/www.lecourt-clermont.org\/en\/wp-json\/wp\/v2\/users\/2"}],"replies":[{"embeddable":true,"href":"https:\/\/www.lecourt-clermont.org\/en\/wp-json\/wp\/v2\/comments?post=239187"}],"version-history":[{"count":3,"href":"https:\/\/www.lecourt-clermont.org\/en\/wp-json\/wp\/v2\/pages\/239187\/revisions"}],"predecessor-version":[{"id":239190,"href":"https:\/\/www.lecourt-clermont.org\/en\/wp-json\/wp\/v2\/pages\/239187\/revisions\/239190"}],"wp:attachment":[{"href":"https:\/\/www.lecourt-clermont.org\/en\/wp-json\/wp\/v2\/media?parent=239187"}],"curies":[{"name":"wp","href":"https:\/\/api.w.org\/{rel}","templated":true}]}}