{"id":14766,"date":"2024-11-17T19:00:38","date_gmt":"2024-11-17T18:00:38","guid":{"rendered":"https:\/\/lecourt.cloud-sak.com\/?page_id=14766"},"modified":"2026-04-08T16:16:39","modified_gmt":"2026-04-08T14:16:39","slug":"african-perspectives","status":"publish","type":"page","link":"https:\/\/www.lecourt-clermont.org\/en\/programs\/official-selection\/african-perspectives\/","title":{"rendered":"African perspectives"},"content":{"rendered":"<div class=\"wpb-content-wrapper\"><p>[vc_row][vc_column]<div class=\"ult-spacer spacer-69fa1d6579ae9\" data-id=\"69fa1d6579ae9\" data-height=\"30\" data-height-mobile=\"30\" data-height-tab=\"30\" data-height-tab-portrait=\"\" data-height-mobile-landscape=\"\" style=\"clear:both;display:block;\"><\/div>[vc_column_text css=&#8221;.vc_custom_1758014896385{margin-bottom: 30px !important;}&#8221;]<\/p>\n<h4>36th edition<\/h4>\n<p>[\/vc_column_text][vc_column_text css=&#8221;.vc_custom_1758014920615{margin-bottom: 30px !important;}&#8221; el_class=&#8221;intro&#8221;]<\/p>\n<p class=\"p1\">Every year, the short film festival offers its audience its African Perspectives section: two programmes of short films that explore the riches of pan-African cinema while showcasing the continent&#8217;s young talent.<\/p>\n<p>[\/vc_column_text][vc_row_inner disable_element=&#8221;yes&#8221; el_class=&#8221;bloc couleur coul-1&#8243;][vc_column_inner][vc_column_text css=&#8221;.vc_custom_1758014629910{margin-bottom: 30px !important;}&#8221;]<\/p>\n<h5 class=\"p1\" style=\"text-align: center;\"><b>This selection will be unveiled in December 2025<\/b><\/h5>\n<p>[\/vc_column_text][\/vc_column_inner][\/vc_row_inner][\/vc_column][\/vc_row][vc_row][vc_column width=&#8221;1\/2&#8243;]<div class=\"ult-spacer spacer-69fa1d6579b96\" data-id=\"69fa1d6579b96\" data-height=\"30\" data-height-mobile=\"30\" data-height-tab=\"30\" data-height-tab-portrait=\"\" data-height-mobile-landscape=\"\" style=\"clear:both;display:block;\"><\/div>[vc_row_inner][vc_column_inner width=&#8221;1\/2&#8243;]\n<div id=\"interactive-banner-1-wrap-1801\" class=\"ult-banner-block ult-adjust-bottom-margin ult-bb-box  banner-style12 banniere avec-bt\"   style=\"margin-bottom:30px;\">\n\t<img decoding=\"async\" src=\"https:\/\/www.lecourt-clermont.org\/wp-content\/uploads\/2025\/12\/A1-2026.png\" alt=\"null\">\n\t<h2  data-ultimate-target='#interactive-banner-1-wrap-1801 .bb-top-title '  data-responsive-json-new='{\"font-size\":\"\",\"line-height\":\"\"}'  class=\"title-center bb-top-title ult-responsive\" style=\"font-weight:normal;color:#ffffff;\">A 1<\/h2>\n\t<div class=\"mask opaque-background\" style=\"background:rgba(32,32,32,0.6);\">\n\t\t<div  data-ultimate-target='#interactive-banner-1-wrap-1801 .bb-description'  data-responsive-json-new='{\"font-size\":\"\",\"line-height\":\"\"}'  class=\"bb-description ult-responsive\" style=\"font-weight:normal;color:#ffffff;\"><\/div>\n\t<\/div><a class=\"bb-link\" href=\"https:\/\/www.lecourt-clermont.org\/en\/program\/a-1-en\/\" ><\/a>\n<\/div>[\/vc_column_inner][vc_column_inner width=&#8221;1\/2&#8243;]\n<div id=\"interactive-banner-1-wrap-8456\" class=\"ult-banner-block ult-adjust-bottom-margin ult-bb-box  banner-style12 banniere avec-bt\"   style=\"margin-bottom:30px;\">\n\t<img decoding=\"async\" src=\"https:\/\/www.lecourt-clermont.org\/wp-content\/uploads\/2025\/12\/A2-2026.png\" alt=\"null\">\n\t<h2  data-ultimate-target='#interactive-banner-1-wrap-8456 .bb-top-title '  data-responsive-json-new='{\"font-size\":\"\",\"line-height\":\"\"}'  class=\"title-center bb-top-title ult-responsive\" style=\"font-weight:normal;color:#ffffff;\">A 2<\/h2>\n\t<div class=\"mask opaque-background\" style=\"background:rgba(32,32,32,0.6);\">\n\t\t<div  data-ultimate-target='#interactive-banner-1-wrap-8456 .bb-description'  data-responsive-json-new='{\"font-size\":\"\",\"line-height\":\"\"}'  class=\"bb-description ult-responsive\" style=\"font-weight:normal;color:#ffffff;\"><\/div>\n\t<\/div><a class=\"bb-link\" href=\"https:\/\/www.lecourt-clermont.org\/en\/program\/a-2-en\/\" ><\/a>\n<\/div>[\/vc_column_inner][\/vc_row_inner][\/vc_column][vc_column width=&#8221;1\/2&#8243;]<div class=\"ult-spacer spacer-69fa1d657bf99\" data-id=\"69fa1d657bf99\" data-height=\"30\" data-height-mobile=\"30\" data-height-tab=\"30\" data-height-tab-portrait=\"\" data-height-mobile-landscape=\"\" style=\"clear:both;display:block;\"><\/div>[vc_column_text css=&#8221;&#8221;]<\/p>\n<div class=\"vc_row wpb_row vc_row-fluid\">\n<div class=\"wpb_column vc_column_container vc_col-sm-12\">\n<div class=\"vc_column-inner\">\n<div class=\"wpb_wrapper\">\n<div class=\"wpb_text_column wpb_content_element\">\n<div class=\"wpb_wrapper\">\n<div class=\"vc_row wpb_row vc_row-fluid\">\n<div class=\"wpb_column vc_column_container vc_col-sm-12\">\n<div class=\"vc_column-inner\">\n<div class=\"wpb_wrapper\">\n<div class=\"wpb_text_column wpb_content_element\">\n<div class=\"wpb_wrapper\">\n<p class=\"p1\">For 35 years, the African Perspectives section has established itself as an essential space for discovering Pan-African cinema within the Festival. Through two programs, the section celebrates the vitality of its forms, the diversity of its perspectives, and the emergence of new voices from the African continent.<\/p>\n<p class=\"p1\">This edition brings together eleven films that transcend borders and imaginations, exploring multiple contemporary realities.<\/p>\n<p class=\"p1\">A discussion with the filmmakers will take place after the first screening of each program, on Saturday 31 January, at 16:30 and 19:30 in the Salle des Possibles, moderated by filmmaker Camille Varenne, selection committee member of the International Competition and African Perspectives section.<\/p>\n<\/div>\n<\/div>\n<\/div>\n<\/div>\n<\/div>\n<\/div>\n<\/div>\n<\/div>\n<\/div>\n<\/div>\n<\/div>\n<\/div>\n<p>[\/vc_column_text][\/vc_column][\/vc_row][vc_row disable_element=&#8221;yes&#8221;][vc_column width=&#8221;1\/4&#8243;]<div class=\"stats-block stats-top  \"><div class=\"aio-icon-top\"><div class=\"ult-just-icon-wrapper  \"><div class=\"align-icon\" style=\"text-align:center;\"><\/div><\/div><\/div><div class=\"stats-desc\" id=\"counter-responsv-wrap-5040\"><div id=\"counter_389401334569fa1d657c158\" data-id=\"counter_389401334569fa1d657c158\"  data-ultimate-target='#counter-responsv-wrap-5040 .stats-number'  data-responsive-json-new='{\"font-size\":\"\",\"line-height\":\"\"}'  class=\"stats-number ult-responsive\" style=\"font-size:28px;  \" data-speed=\"3\" data-counter-value=\"11\" data-separator=\",\" data-decimal=\".\">0<\/div><div id=\"title-counter_389401334569fa1d657c158\"  data-ultimate-target='#counter-responsv-wrap-5040 .stats-text'  data-responsive-json-new='{\"font-size\":\"\",\"line-height\":\"\"}'  class=\"stats-text ult-responsive\" style=\"font-size:18px;  \">Selected films<\/div><\/div><\/div>[\/vc_column][vc_column width=&#8221;1\/4&#8243;]<div class=\"stats-block stats-top  \"><div class=\"aio-icon-top\"><div class=\"ult-just-icon-wrapper  \"><div class=\"align-icon\" style=\"text-align:center;\"><\/div><\/div><\/div><div class=\"stats-desc\" id=\"counter-responsv-wrap-2727\"><div id=\"counter_158643460169fa1d657c2cc\" data-id=\"counter_158643460169fa1d657c2cc\"  data-ultimate-target='#counter-responsv-wrap-2727 .stats-number'  data-responsive-json-new='{\"font-size\":\"\",\"line-height\":\"\"}'  class=\"stats-number ult-responsive\" style=\"font-size:28px;  \" data-speed=\"3\" data-counter-value=\"13\" data-separator=\",\" data-decimal=\".\">0<\/div><div id=\"title-counter_158643460169fa1d657c2cc\"  data-ultimate-target='#counter-responsv-wrap-2727 .stats-text'  data-responsive-json-new='{\"font-size\":\"\",\"line-height\":\"\"}'  class=\"stats-text ult-responsive\" style=\"font-size:18px;  \">Countries represented<\/div><\/div><\/div>[\/vc_column][vc_column width=&#8221;1\/4&#8243;]<div class=\"stats-block stats-top  \"><div class=\"aio-icon-top\"><div class=\"ult-just-icon-wrapper  \"><div class=\"align-icon\" style=\"text-align:center;\"><\/div><\/div><\/div><div class=\"stats-desc\" id=\"counter-responsv-wrap-9700\"><div id=\"counter_350741025069fa1d657c425\" data-id=\"counter_350741025069fa1d657c425\"  data-ultimate-target='#counter-responsv-wrap-9700 .stats-number'  data-responsive-json-new='{\"font-size\":\"\",\"line-height\":\"\"}'  class=\"stats-number ult-responsive\" style=\"font-size:28px;  \" data-speed=\"3\" data-counter-value=\"2\" data-separator=\",\" data-decimal=\".\">0<\/div><div id=\"title-counter_350741025069fa1d657c425\"  data-ultimate-target='#counter-responsv-wrap-9700 .stats-text'  data-responsive-json-new='{\"font-size\":\"\",\"line-height\":\"\"}'  class=\"stats-text ult-responsive\" style=\"font-size:18px;  \">Documentaries<\/div><\/div><\/div>[\/vc_column][vc_column width=&#8221;1\/4&#8243;]<div class=\"stats-block stats-top  \"><div class=\"aio-icon-top\"><div class=\"ult-just-icon-wrapper  \"><div class=\"align-icon\" style=\"text-align:center;\"><\/div><\/div><\/div><div class=\"stats-desc\" id=\"counter-responsv-wrap-1261\"><div id=\"counter_48096418069fa1d657c568\" data-id=\"counter_48096418069fa1d657c568\"  data-ultimate-target='#counter-responsv-wrap-1261 .stats-number'  data-responsive-json-new='{\"font-size\":\"\",\"line-height\":\"\"}'  class=\"stats-number ult-responsive\" style=\"font-size:28px;  \" data-speed=\"3\" data-counter-value=\"9\" data-separator=\",\" data-decimal=\".\">0<\/div><div id=\"title-counter_48096418069fa1d657c568\"  data-ultimate-target='#counter-responsv-wrap-1261 .stats-text'  data-responsive-json-new='{\"font-size\":\"\",\"line-height\":\"\"}'  class=\"stats-text ult-responsive\" style=\"font-size:18px;  \">Premieres<\/div><\/div><\/div>[\/vc_column][\/vc_row][vc_row][vc_column][vc_separator border_width=&#8221;2&#8243; css=&#8221;&#8221;][vc_column_text css=&#8221;&#8221;]<\/p>\n<h4 class=\"p1\">Section coordination<\/h4>\n<p class=\"p1\">Tim Redford<br \/>\n<a href=\"mailto:t.redford@lecourt-clermont.org\">t.redford@lecourt-clermont.org<\/a><\/p>\n<p>[\/vc_column_text][vc_column_text css=&#8221;&#8221;]<\/p>\n<h4 class=\"p1\">Selection committee for the African Perspectives section<\/h4>\n<p class=\"p1\">Pr\u00e9f\u00e9r\u00e9 Aziaka, Claire Diao, Claire Juge, Caroline Lardy, Tim Redford, Bertrand Rouchit, Camille Varenne.<\/p>\n<p>[\/vc_column_text]<div class=\"ult-spacer spacer-69fa1d657c611\" data-id=\"69fa1d657c611\" data-height=\"30\" data-height-mobile=\"30\" data-height-tab=\"30\" data-height-tab-portrait=\"\" data-height-mobile-landscape=\"\" style=\"clear:both;display:block;\"><\/div>[\/vc_column][\/vc_row]<\/p>\n<\/div>","protected":false},"excerpt":{"rendered":"<p>[vc_row][vc_column][vc_column_text css=&#8221;.vc_custom_1758014896385{margin-bottom: 30px !important;}&#8221;] 36th edition [\/vc_column_text][vc_column_text css=&#8221;.vc_custom_1758014920615{margin-bottom: 30px !important;}&#8221; el_class=&#8221;intro&#8221;] Every year, the short film festival offers its audience its African Perspectives section: two programmes of short films that explore the riches of pan-African cinema while showcasing the continent&#8217;s young talent. [\/vc_column_text][vc_row_inner disable_element=&#8221;yes&#8221; el_class=&#8221;bloc couleur coul-1&#8243;][vc_column_inner][vc_column_text css=&#8221;.vc_custom_1758014629910{margin-bottom: 30px !important;}&#8221;] This selection will be unveiled [&hellip;]<\/p>\n","protected":false},"author":4,"featured_media":0,"parent":40244,"menu_order":0,"comment_status":"closed","ping_status":"closed","template":"","meta":{"_acf_changed":false,"footnotes":""},"class_list":["post-14766","page","type-page","status-publish","hentry"],"acf":[],"yoast_head":"<!-- This site is optimized with the Yoast SEO plugin v25.3 - https:\/\/yoast.com\/wordpress\/plugins\/seo\/ -->\n<title>African perspectives - Festival international du court-m\u00e9trage<\/title>\n<meta name=\"robots\" content=\"index, follow, max-snippet:-1, max-image-preview:large, max-video-preview:-1\" \/>\n<link rel=\"canonical\" href=\"https:\/\/www.lecourt-clermont.org\/en\/programs\/official-selection\/african-perspectives\/\" \/>\n<meta property=\"og:locale\" content=\"en_US\" \/>\n<meta property=\"og:type\" content=\"article\" \/>\n<meta property=\"og:title\" content=\"African perspectives - Festival international du court-m\u00e9trage\" \/>\n<meta property=\"og:description\" content=\"[vc_row][vc_column][vc_column_text css=&#8221;.vc_custom_1758014896385{margin-bottom: 30px !important;}&#8221;] 36th edition [\/vc_column_text][vc_column_text css=&#8221;.vc_custom_1758014920615{margin-bottom: 30px !important;}&#8221; el_class=&#8221;intro&#8221;] Every year, the short film festival offers its audience its African Perspectives section: two programmes of short films that explore the riches of pan-African cinema while showcasing the continent&#8217;s young talent. [\/vc_column_text][vc_row_inner disable_element=&#8221;yes&#8221; el_class=&#8221;bloc couleur coul-1&#8243;][vc_column_inner][vc_column_text css=&#8221;.vc_custom_1758014629910{margin-bottom: 30px !important;}&#8221;] This selection will be unveiled [&hellip;]\" \/>\n<meta property=\"og:url\" content=\"https:\/\/www.lecourt-clermont.org\/en\/programs\/official-selection\/african-perspectives\/\" \/>\n<meta property=\"og:site_name\" content=\"Festival international du court-m\u00e9trage\" \/>\n<meta property=\"article:modified_time\" content=\"2026-04-08T14:16:39+00:00\" \/>\n<meta property=\"og:image\" content=\"https:\/\/www.lecourt-clermont.org\/wp-content\/uploads\/2024\/11\/SQP_Logo.png\" \/>\n\t<meta property=\"og:image:width\" content=\"616\" \/>\n\t<meta property=\"og:image:height\" content=\"470\" \/>\n\t<meta property=\"og:image:type\" content=\"image\/png\" \/>\n<meta name=\"twitter:card\" content=\"summary_large_image\" \/>\n<meta name=\"twitter:label1\" content=\"Est. reading time\" \/>\n\t<meta name=\"twitter:data1\" content=\"2 minutes\" \/>\n<script type=\"application\/ld+json\" class=\"yoast-schema-graph\">{\"@context\":\"https:\/\/schema.org\",\"@graph\":[{\"@type\":\"WebPage\",\"@id\":\"https:\/\/www.lecourt-clermont.org\/en\/programs\/official-selection\/african-perspectives\/\",\"url\":\"https:\/\/www.lecourt-clermont.org\/en\/programs\/official-selection\/african-perspectives\/\",\"name\":\"African perspectives - Festival international du court-m\u00e9trage\",\"isPartOf\":{\"@id\":\"https:\/\/www.lecourt-clermont.org\/en\/#website\"},\"datePublished\":\"2024-11-17T18:00:38+00:00\",\"dateModified\":\"2026-04-08T14:16:39+00:00\",\"breadcrumb\":{\"@id\":\"https:\/\/www.lecourt-clermont.org\/en\/programs\/official-selection\/african-perspectives\/#breadcrumb\"},\"inLanguage\":\"en-US\",\"potentialAction\":[{\"@type\":\"ReadAction\",\"target\":[\"https:\/\/www.lecourt-clermont.org\/en\/programs\/official-selection\/african-perspectives\/\"]}]},{\"@type\":\"BreadcrumbList\",\"@id\":\"https:\/\/www.lecourt-clermont.org\/en\/programs\/official-selection\/african-perspectives\/#breadcrumb\",\"itemListElement\":[{\"@type\":\"ListItem\",\"position\":1,\"name\":\"Home\",\"item\":\"https:\/\/www.lecourt-clermont.org\/en\/\"},{\"@type\":\"ListItem\",\"position\":2,\"name\":\"Programs\",\"item\":\"https:\/\/www.lecourt-clermont.org\/en\/programs\/\"},{\"@type\":\"ListItem\",\"position\":3,\"name\":\"Official selection\",\"item\":\"https:\/\/www.lecourt-clermont.org\/en\/programs\/official-selection\/\"},{\"@type\":\"ListItem\",\"position\":4,\"name\":\"African perspectives\"}]},{\"@type\":\"WebSite\",\"@id\":\"https:\/\/www.lecourt-clermont.org\/en\/#website\",\"url\":\"https:\/\/www.lecourt-clermont.org\/en\/\",\"name\":\"Festival international du court-m\u00e9trage\",\"description\":\"Le slogan du site\",\"publisher\":{\"@id\":\"https:\/\/www.lecourt-clermont.org\/en\/#organization\"},\"potentialAction\":[{\"@type\":\"SearchAction\",\"target\":{\"@type\":\"EntryPoint\",\"urlTemplate\":\"https:\/\/www.lecourt-clermont.org\/en\/?s={search_term_string}\"},\"query-input\":{\"@type\":\"PropertyValueSpecification\",\"valueRequired\":true,\"valueName\":\"search_term_string\"}}],\"inLanguage\":\"en-US\"},{\"@type\":\"Organization\",\"@id\":\"https:\/\/www.lecourt-clermont.org\/en\/#organization\",\"name\":\"Festival international du court-m\u00e9trage\",\"url\":\"https:\/\/www.lecourt-clermont.org\/en\/\",\"logo\":{\"@type\":\"ImageObject\",\"inLanguage\":\"en-US\",\"@id\":\"https:\/\/www.lecourt-clermont.org\/en\/#\/schema\/logo\/image\/\",\"url\":\"https:\/\/lecourt.cloud-sak.com\/wp-content\/uploads\/2024\/11\/SQP_Logo.png\",\"contentUrl\":\"https:\/\/lecourt.cloud-sak.com\/wp-content\/uploads\/2024\/11\/SQP_Logo.png\",\"width\":616,\"height\":470,\"caption\":\"Festival international du court-m\u00e9trage\"},\"image\":{\"@id\":\"https:\/\/www.lecourt-clermont.org\/en\/#\/schema\/logo\/image\/\"}}]}<\/script>\n<!-- \/ Yoast SEO plugin. -->","yoast_head_json":{"title":"African perspectives - Festival international du court-m\u00e9trage","robots":{"index":"index","follow":"follow","max-snippet":"max-snippet:-1","max-image-preview":"max-image-preview:large","max-video-preview":"max-video-preview:-1"},"canonical":"https:\/\/www.lecourt-clermont.org\/en\/programs\/official-selection\/african-perspectives\/","og_locale":"en_US","og_type":"article","og_title":"African perspectives - Festival international du court-m\u00e9trage","og_description":"[vc_row][vc_column][vc_column_text css=&#8221;.vc_custom_1758014896385{margin-bottom: 30px !important;}&#8221;] 36th edition [\/vc_column_text][vc_column_text css=&#8221;.vc_custom_1758014920615{margin-bottom: 30px !important;}&#8221; el_class=&#8221;intro&#8221;] Every year, the short film festival offers its audience its African Perspectives section: two programmes of short films that explore the riches of pan-African cinema while showcasing the continent&#8217;s young talent. [\/vc_column_text][vc_row_inner disable_element=&#8221;yes&#8221; el_class=&#8221;bloc couleur coul-1&#8243;][vc_column_inner][vc_column_text css=&#8221;.vc_custom_1758014629910{margin-bottom: 30px !important;}&#8221;] This selection will be unveiled [&hellip;]","og_url":"https:\/\/www.lecourt-clermont.org\/en\/programs\/official-selection\/african-perspectives\/","og_site_name":"Festival international du court-m\u00e9trage","article_modified_time":"2026-04-08T14:16:39+00:00","og_image":[{"width":616,"height":470,"url":"https:\/\/www.lecourt-clermont.org\/wp-content\/uploads\/2024\/11\/SQP_Logo.png","type":"image\/png"}],"twitter_card":"summary_large_image","twitter_misc":{"Est. reading time":"2 minutes"},"schema":{"@context":"https:\/\/schema.org","@graph":[{"@type":"WebPage","@id":"https:\/\/www.lecourt-clermont.org\/en\/programs\/official-selection\/african-perspectives\/","url":"https:\/\/www.lecourt-clermont.org\/en\/programs\/official-selection\/african-perspectives\/","name":"African perspectives - Festival international du court-m\u00e9trage","isPartOf":{"@id":"https:\/\/www.lecourt-clermont.org\/en\/#website"},"datePublished":"2024-11-17T18:00:38+00:00","dateModified":"2026-04-08T14:16:39+00:00","breadcrumb":{"@id":"https:\/\/www.lecourt-clermont.org\/en\/programs\/official-selection\/african-perspectives\/#breadcrumb"},"inLanguage":"en-US","potentialAction":[{"@type":"ReadAction","target":["https:\/\/www.lecourt-clermont.org\/en\/programs\/official-selection\/african-perspectives\/"]}]},{"@type":"BreadcrumbList","@id":"https:\/\/www.lecourt-clermont.org\/en\/programs\/official-selection\/african-perspectives\/#breadcrumb","itemListElement":[{"@type":"ListItem","position":1,"name":"Home","item":"https:\/\/www.lecourt-clermont.org\/en\/"},{"@type":"ListItem","position":2,"name":"Programs","item":"https:\/\/www.lecourt-clermont.org\/en\/programs\/"},{"@type":"ListItem","position":3,"name":"Official selection","item":"https:\/\/www.lecourt-clermont.org\/en\/programs\/official-selection\/"},{"@type":"ListItem","position":4,"name":"African perspectives"}]},{"@type":"WebSite","@id":"https:\/\/www.lecourt-clermont.org\/en\/#website","url":"https:\/\/www.lecourt-clermont.org\/en\/","name":"Festival international du court-m\u00e9trage","description":"Le slogan du site","publisher":{"@id":"https:\/\/www.lecourt-clermont.org\/en\/#organization"},"potentialAction":[{"@type":"SearchAction","target":{"@type":"EntryPoint","urlTemplate":"https:\/\/www.lecourt-clermont.org\/en\/?s={search_term_string}"},"query-input":{"@type":"PropertyValueSpecification","valueRequired":true,"valueName":"search_term_string"}}],"inLanguage":"en-US"},{"@type":"Organization","@id":"https:\/\/www.lecourt-clermont.org\/en\/#organization","name":"Festival international du court-m\u00e9trage","url":"https:\/\/www.lecourt-clermont.org\/en\/","logo":{"@type":"ImageObject","inLanguage":"en-US","@id":"https:\/\/www.lecourt-clermont.org\/en\/#\/schema\/logo\/image\/","url":"https:\/\/lecourt.cloud-sak.com\/wp-content\/uploads\/2024\/11\/SQP_Logo.png","contentUrl":"https:\/\/lecourt.cloud-sak.com\/wp-content\/uploads\/2024\/11\/SQP_Logo.png","width":616,"height":470,"caption":"Festival international du court-m\u00e9trage"},"image":{"@id":"https:\/\/www.lecourt-clermont.org\/en\/#\/schema\/logo\/image\/"}}]}},"_links":{"self":[{"href":"https:\/\/www.lecourt-clermont.org\/en\/wp-json\/wp\/v2\/pages\/14766","targetHints":{"allow":["GET"]}}],"collection":[{"href":"https:\/\/www.lecourt-clermont.org\/en\/wp-json\/wp\/v2\/pages"}],"about":[{"href":"https:\/\/www.lecourt-clermont.org\/en\/wp-json\/wp\/v2\/types\/page"}],"author":[{"embeddable":true,"href":"https:\/\/www.lecourt-clermont.org\/en\/wp-json\/wp\/v2\/users\/4"}],"replies":[{"embeddable":true,"href":"https:\/\/www.lecourt-clermont.org\/en\/wp-json\/wp\/v2\/comments?post=14766"}],"version-history":[{"count":14,"href":"https:\/\/www.lecourt-clermont.org\/en\/wp-json\/wp\/v2\/pages\/14766\/revisions"}],"predecessor-version":[{"id":243420,"href":"https:\/\/www.lecourt-clermont.org\/en\/wp-json\/wp\/v2\/pages\/14766\/revisions\/243420"}],"up":[{"embeddable":true,"href":"https:\/\/www.lecourt-clermont.org\/en\/wp-json\/wp\/v2\/pages\/40244"}],"wp:attachment":[{"href":"https:\/\/www.lecourt-clermont.org\/en\/wp-json\/wp\/v2\/media?parent=14766"}],"curies":[{"name":"wp","href":"https:\/\/api.w.org\/{rel}","templated":true}]}}