{"id":14599,"date":"2024-11-15T12:02:00","date_gmt":"2024-11-15T11:02:00","guid":{"rendered":"https:\/\/lecourt.cloud-sak.com\/?page_id=14599"},"modified":"2025-11-12T16:16:42","modified_gmt":"2025-11-12T15:16:42","slug":"team","status":"publish","type":"page","link":"https:\/\/www.lecourt-clermont.org\/en\/about\/team\/","title":{"rendered":"Team"},"content":{"rendered":"<div class=\"wpb-content-wrapper\"><p>[vc_row full_width=&#8221;stretch_row_content_no_spaces&#8221;][vc_column width=&#8221;1\/12&#8243;][\/vc_column][vc_column width=&#8221;5\/6&#8243;]<div class=\"ult-spacer spacer-69de2499f38a2\" data-id=\"69de2499f38a2\" data-height=\"50\" data-height-mobile=\"50\" data-height-tab=\"50\" data-height-tab-portrait=\"\" data-height-mobile-landscape=\"\" style=\"clear:both;display:block;\"><\/div>[vc_basic_grid post_type=&#8221;profils&#8221; max_items=&#8221;-1&#8243; show_filter=&#8221;yes&#8221; element_width=&#8221;2&#8243; item=&#8221;11386&#8243; initial_loading_animation=&#8221;none&#8221; css=&#8221;&#8221; grid_id=&#8221;vc_gid:1762960572824-7ad0b740-7bf0-2&#8243; filter_source=&#8221;cat-profils&#8221; el_class=&#8221;posts-profils&#8221; taxonomies=&#8221;30, 28, 44, 46, 45, 47, 32, 39, 33, 31, 40, 34&#8243;][\/vc_column][vc_column width=&#8221;1\/12&#8243;][\/vc_column][\/vc_row][vc_row full_width=&#8221;stretch_row_content_no_spaces&#8221;][vc_column width=&#8221;1\/12&#8243;][\/vc_column][vc_column width=&#8221;5\/6&#8243;]<div class=\"ult-spacer spacer-69de2499f390a\" data-id=\"69de2499f390a\" data-height=\"30\" data-height-mobile=\"30\" data-height-tab=\"30\" data-height-tab-portrait=\"\" data-height-mobile-landscape=\"\" style=\"clear:both;display:block;\"><\/div>[vc_separator border_width=&#8221;2&#8243; css=&#8221;&#8221;][vc_basic_grid post_type=&#8221;profils&#8221; max_items=&#8221;-1&#8243; show_filter=&#8221;yes&#8221; element_width=&#8221;2&#8243; item=&#8221;11386&#8243; initial_loading_animation=&#8221;none&#8221; css=&#8221;&#8221; grid_id=&#8221;vc_gid:1762960572824-969bd08d-0692-1&#8243; filter_source=&#8221;cat-profils&#8221; el_class=&#8221;posts-profils&#8221; taxonomies=&#8221;216&#8243;][\/vc_column][vc_column width=&#8221;1\/12&#8243;][\/vc_column][\/vc_row][vc_row full_width=&#8221;stretch_row_content_no_spaces&#8221;][vc_column width=&#8221;1\/12&#8243;][\/vc_column][vc_column width=&#8221;10\/12&#8243;]<div class=\"ult-spacer spacer-69de2499f3953\" data-id=\"69de2499f3953\" data-height=\"30\" data-height-mobile=\"30\" data-height-tab=\"30\" data-height-tab-portrait=\"\" data-height-mobile-landscape=\"\" style=\"clear:both;display:block;\"><\/div>[vc_separator border_width=&#8221;2&#8243; css=&#8221;&#8221;][vc_column_text css=&#8221;&#8221;]<\/p>\n<h3 style=\"text-align: left;\">Interns, civil services &amp; work-study programs<\/h3>\n<p>[\/vc_column_text][vc_column_text css=&#8221;&#8221;]<strong>Thomas COCHENNEC <\/strong>&#8211; International competition (Internship)<br \/>\n<strong>Valentine DUGOURD <\/strong>&#8211; Lyc\u00e9ens et apprentis au cin\u00e9ma (Civil service)<br \/>\n<strong>Jeanne GRANGER <\/strong>&#8211; Cit\u00e9 des talents (Civil service)<br \/>\n<strong>Ad\u00e9lie HURTU <\/strong>&#8211; Short Film Market (Internship)<br \/>\n<strong>\u00c9lise LECOUTEUX<\/strong> &#8211; Circuit court (Civil service)<br \/>\n<strong>Sarah MOURIER <\/strong>&#8211; Communication (Work-study program)[\/vc_column_text][\/vc_column][vc_column width=&#8221;1\/12&#8243;][\/vc_column][\/vc_row][vc_row full_width=&#8221;stretch_row_content_no_spaces&#8221;][vc_column width=&#8221;1\/12&#8243;][\/vc_column][vc_column width=&#8221;10\/12&#8243;]<div class=\"ult-spacer spacer-69de2499f398d\" data-id=\"69de2499f398d\" data-height=\"30\" data-height-mobile=\"30\" data-height-tab=\"30\" data-height-tab-portrait=\"\" data-height-mobile-landscape=\"\" style=\"clear:both;display:block;\"><\/div>[vc_separator border_width=&#8221;2&#8243; css=&#8221;&#8221;][vc_column_text css=&#8221;.vc_custom_1758200283121{margin-bottom: 10px !important;}&#8221;]<\/p>\n<h3 class=\"p1\">Coordination of international competition<\/h3>\n<p>[\/vc_column_text][vc_column_text css=&#8221;&#8221; el_class=&#8221;contact&#8221;]<\/p>\n<p class=\"p1\">Tim Redford<br \/>\n<a href=\"mailto:t.redford@clermont-filmfest.org\">t.redford@clermont-filmfest.org<\/a><\/p>\n<p>[\/vc_column_text][vc_column_text css=&#8221;&#8221;]<\/p>\n<h4 class=\"p1\">Selection committee<\/h4>\n<p class=\"p1\">Calmin Borel, Diana Borja, Fanny Dauny, Fabien De Macedo, Tim Redford, Gr\u00e9goire Rouchit, Julie Rousson, Camille Varenne.<\/p>\n<p class=\"p1\">With the help of preselectioners : Laura Addamo, Pr\u00e9f\u00e9r\u00e9 Aziako, Fanny Barrot, Gilles Berger, Val\u00e9rian Bernard, Georges Bollon, Guillaume Bonhomme, Lucas Brunier-Mestas, Adrien Calla, Regina Campos, Masumi Chiba, Elsa Cornevin, Laurent Crouzeix, B\u00e9ranger Debrand, J\u00e9r\u00f4me De Sousa, No\u00e9mie Devos, Claire Diao, S\u00e9bastien Duclocher, Rapha\u00ebl Gallet, Christian Guinot, Clara Hugueney, Claire Juge, Caroline Lardy, J\u00e9r\u00e9my Laurichesse, Eleonore Llinares, Emma Marie, Vera Mechid-Huin, Sarah Momesso, Th\u00e9o Pinet, Sam Poulange, Aolizee Redobana, Bertrand Rouchit, Myriam Settoul, Kartik Singh, Rita Tufano, \u00c9ric W\u00f3jcik.<\/p>\n<p>[\/vc_column_text]<div class=\"ult-spacer spacer-69de2499f39c6\" data-id=\"69de2499f39c6\" data-height=\"30\" data-height-mobile=\"30\" data-height-tab=\"30\" data-height-tab-portrait=\"\" data-height-mobile-landscape=\"\" style=\"clear:both;display:block;\"><\/div>[vc_separator border_width=&#8221;2&#8243; css=&#8221;&#8221;][vc_column_text css=&#8221;.vc_custom_1758200306840{margin-bottom: 10px !important;}&#8221;]<\/p>\n<h3 class=\"p1\">coordination of national competition<\/h3>\n<p>[\/vc_column_text][vc_column_text css=&#8221;&#8221; el_class=&#8221;contact&#8221;]<\/p>\n<p class=\"p1\">St\u00e9phane Souillat<br \/>\n<a href=\"mailto:s.souillat@clermont-filmfest.org\">s.souillat@clermont-filmfest.org<\/a><\/p>\n<p>[\/vc_column_text][vc_column_text css=&#8221;&#8221;]<\/p>\n<h4 class=\"p1\">Selection committee<\/h4>\n<p class=\"p1\">Fanny Barrot, Marie-Laure Boukredine, Marie Cordier, S\u00e9bastien Duclocher, J\u00e9r\u00e9my Laurichesse, Sarah Momesso, J\u00e9r\u00f4me Peyrel, Bertrand Rouchit, St\u00e9phane Souillat, J\u00e9r\u00f4me Ters, Laura Thomasset.<\/p>\n<p>[\/vc_column_text]<div class=\"ult-spacer spacer-69de2499f39f8\" data-id=\"69de2499f39f8\" data-height=\"30\" data-height-mobile=\"30\" data-height-tab=\"30\" data-height-tab-portrait=\"\" data-height-mobile-landscape=\"\" style=\"clear:both;display:block;\"><\/div>[vc_separator border_width=&#8221;2&#8243; css=&#8221;&#8221;][vc_column_text css=&#8221;.vc_custom_1758200338965{margin-bottom: 10px !important;}&#8221;]<\/p>\n<h3 class=\"p1\">Coordination of labo competition<\/h3>\n<p>[\/vc_column_text][vc_column_text css=&#8221;&#8221; el_class=&#8221;contact&#8221;]<\/p>\n<p class=\"p1\">Calmin Borel<br \/>\n<a href=\"mailto:c.borel@clermont-filmfest.org\" target=\"_blank\" rel=\"noopener\">c.borel@clermont-filmfest.org<\/a><\/p>\n<p>[\/vc_column_text][vc_column_text css=&#8221;&#8221;]<\/p>\n<h4 class=\"p1\">Selection committee<\/h4>\n<p class=\"p1\">Calmin Borel, Lucas Brunier-Mestas, Fanny Dauny, Alexandre Martin, Sarah Momesso, Christophe Soum, J\u00e9r\u00f4me Ters, Camille Varenne.<\/p>\n<p>[\/vc_column_text][\/vc_column][vc_column width=&#8221;1\/12&#8243;][\/vc_column][\/vc_row][vc_row full_width=&#8221;stretch_row_content_no_spaces&#8221;][vc_column width=&#8221;1\/12&#8243;][\/vc_column][vc_column width=&#8221;10\/12&#8243;]<div class=\"ult-spacer spacer-69de2499f3a29\" data-id=\"69de2499f3a29\" data-height=\"30\" data-height-mobile=\"30\" data-height-tab=\"30\" data-height-tab-portrait=\"\" data-height-mobile-landscape=\"\" style=\"clear:both;display:block;\"><\/div>[vc_separator border_width=&#8221;2&#8243; css=&#8221;&#8221;][vc_column_text css=&#8221;&#8221;]<\/p>\n<h3 style=\"text-align: right;\"><strong>Association<\/strong> Sauve Qui Peut le Court M\u00e9trage<\/h3>\n<p>[\/vc_column_text][vc_column_text css=&#8221;&#8221;]<\/p>\n<h4 style=\"text-align: right;\">President<\/h4>\n<p class=\"p1\" style=\"text-align: right;\">Eric Roux<br \/>\n<a href=\"mailto:e.roux@clermont-filmfest.org\">e.roux@clermont-filmfest.org<\/a><\/p>\n<p>[\/vc_column_text][vc_column_text css=&#8221;&#8221;]<\/p>\n<h4 class=\"p1\" style=\"text-align: right;\"><strong>Association board of directors<\/strong><\/h4>\n<p class=\"p1\" style=\"text-align: right;\">Michel Coteret, Jean-Marie Dura, Caroline Lardy, Carine May, Jacques Pouillet, Bertrand Rouchit.<\/p>\n<p>[\/vc_column_text]<div class=\"ult-spacer spacer-69de2499f3a5c\" data-id=\"69de2499f3a5c\" data-height=\"50\" data-height-mobile=\"50\" data-height-tab=\"50\" data-height-tab-portrait=\"\" data-height-mobile-landscape=\"\" style=\"clear:both;display:block;\"><\/div>[\/vc_column][vc_column width=&#8221;1\/12&#8243;][\/vc_column][\/vc_row]<\/p>\n<\/div>","protected":false},"excerpt":{"rendered":"<p>[vc_row full_width=&#8221;stretch_row_content_no_spaces&#8221;][vc_column width=&#8221;1\/12&#8243;][\/vc_column][vc_column width=&#8221;5\/6&#8243;][vc_basic_grid post_type=&#8221;profils&#8221; max_items=&#8221;-1&#8243; show_filter=&#8221;yes&#8221; element_width=&#8221;2&#8243; item=&#8221;11386&#8243; initial_loading_animation=&#8221;none&#8221; css=&#8221;&#8221; grid_id=&#8221;vc_gid:1762960572824-7ad0b740-7bf0-2&#8243; filter_source=&#8221;cat-profils&#8221; el_class=&#8221;posts-profils&#8221; taxonomies=&#8221;30, 28, 44, 46, 45, 47, 32, 39, 33, 31, 40, 34&#8243;][\/vc_column][vc_column width=&#8221;1\/12&#8243;][\/vc_column][\/vc_row][vc_row full_width=&#8221;stretch_row_content_no_spaces&#8221;][vc_column width=&#8221;1\/12&#8243;][\/vc_column][vc_column width=&#8221;5\/6&#8243;][vc_separator border_width=&#8221;2&#8243; css=&#8221;&#8221;][vc_basic_grid post_type=&#8221;profils&#8221; max_items=&#8221;-1&#8243; show_filter=&#8221;yes&#8221; element_width=&#8221;2&#8243; item=&#8221;11386&#8243; initial_loading_animation=&#8221;none&#8221; css=&#8221;&#8221; grid_id=&#8221;vc_gid:1762960572824-969bd08d-0692-1&#8243; filter_source=&#8221;cat-profils&#8221; el_class=&#8221;posts-profils&#8221; taxonomies=&#8221;216&#8243;][\/vc_column][vc_column width=&#8221;1\/12&#8243;][\/vc_column][\/vc_row][vc_row full_width=&#8221;stretch_row_content_no_spaces&#8221;][vc_column width=&#8221;1\/12&#8243;][\/vc_column][vc_column width=&#8221;10\/12&#8243;][vc_separator border_width=&#8221;2&#8243; css=&#8221;&#8221;][vc_column_text css=&#8221;&#8221;] Interns, civil services &amp; work-study [&hellip;]<\/p>\n","protected":false},"author":2,"featured_media":0,"parent":37614,"menu_order":0,"comment_status":"closed","ping_status":"closed","template":"","meta":{"_acf_changed":false,"footnotes":""},"class_list":["post-14599","page","type-page","status-publish","hentry"],"acf":[],"yoast_head":"<!-- This site is optimized with the Yoast SEO plugin v25.3 - https:\/\/yoast.com\/wordpress\/plugins\/seo\/ -->\n<title>Team - Festival international du court-m\u00e9trage<\/title>\n<meta name=\"robots\" content=\"index, follow, max-snippet:-1, max-image-preview:large, max-video-preview:-1\" \/>\n<link rel=\"canonical\" href=\"https:\/\/www.lecourt-clermont.org\/en\/about\/team\/\" \/>\n<meta property=\"og:locale\" content=\"en_US\" \/>\n<meta property=\"og:type\" content=\"article\" \/>\n<meta property=\"og:title\" content=\"Team - Festival international du court-m\u00e9trage\" \/>\n<meta property=\"og:description\" content=\"[vc_row full_width=&#8221;stretch_row_content_no_spaces&#8221;][vc_column width=&#8221;1\/12&#8243;][\/vc_column][vc_column width=&#8221;5\/6&#8243;][vc_basic_grid post_type=&#8221;profils&#8221; max_items=&#8221;-1&#8243; show_filter=&#8221;yes&#8221; element_width=&#8221;2&#8243; item=&#8221;11386&#8243; initial_loading_animation=&#8221;none&#8221; css=&#8221;&#8221; grid_id=&#8221;vc_gid:1762960572824-7ad0b740-7bf0-2&#8243; filter_source=&#8221;cat-profils&#8221; el_class=&#8221;posts-profils&#8221; taxonomies=&#8221;30, 28, 44, 46, 45, 47, 32, 39, 33, 31, 40, 34&#8243;][\/vc_column][vc_column width=&#8221;1\/12&#8243;][\/vc_column][\/vc_row][vc_row full_width=&#8221;stretch_row_content_no_spaces&#8221;][vc_column width=&#8221;1\/12&#8243;][\/vc_column][vc_column width=&#8221;5\/6&#8243;][vc_separator border_width=&#8221;2&#8243; css=&#8221;&#8221;][vc_basic_grid post_type=&#8221;profils&#8221; max_items=&#8221;-1&#8243; show_filter=&#8221;yes&#8221; element_width=&#8221;2&#8243; item=&#8221;11386&#8243; initial_loading_animation=&#8221;none&#8221; css=&#8221;&#8221; grid_id=&#8221;vc_gid:1762960572824-969bd08d-0692-1&#8243; filter_source=&#8221;cat-profils&#8221; el_class=&#8221;posts-profils&#8221; taxonomies=&#8221;216&#8243;][\/vc_column][vc_column width=&#8221;1\/12&#8243;][\/vc_column][\/vc_row][vc_row full_width=&#8221;stretch_row_content_no_spaces&#8221;][vc_column width=&#8221;1\/12&#8243;][\/vc_column][vc_column width=&#8221;10\/12&#8243;][vc_separator border_width=&#8221;2&#8243; css=&#8221;&#8221;][vc_column_text css=&#8221;&#8221;] Interns, civil services &amp; work-study [&hellip;]\" \/>\n<meta property=\"og:url\" content=\"https:\/\/www.lecourt-clermont.org\/en\/about\/team\/\" \/>\n<meta property=\"og:site_name\" content=\"Festival international du court-m\u00e9trage\" \/>\n<meta property=\"article:modified_time\" content=\"2025-11-12T15:16:42+00:00\" \/>\n<meta property=\"og:image\" content=\"https:\/\/www.lecourt-clermont.org\/wp-content\/uploads\/2024\/11\/SQP_Logo.png\" \/>\n\t<meta property=\"og:image:width\" content=\"616\" \/>\n\t<meta property=\"og:image:height\" content=\"470\" \/>\n\t<meta property=\"og:image:type\" content=\"image\/png\" \/>\n<meta name=\"twitter:card\" content=\"summary_large_image\" \/>\n<meta name=\"twitter:label1\" content=\"Est. reading time\" \/>\n\t<meta name=\"twitter:data1\" content=\"2 minutes\" \/>\n<script type=\"application\/ld+json\" class=\"yoast-schema-graph\">{\"@context\":\"https:\/\/schema.org\",\"@graph\":[{\"@type\":\"WebPage\",\"@id\":\"https:\/\/www.lecourt-clermont.org\/en\/about\/team\/\",\"url\":\"https:\/\/www.lecourt-clermont.org\/en\/about\/team\/\",\"name\":\"Team - Festival international du court-m\u00e9trage\",\"isPartOf\":{\"@id\":\"https:\/\/www.lecourt-clermont.org\/en\/#website\"},\"datePublished\":\"2024-11-15T11:02:00+00:00\",\"dateModified\":\"2025-11-12T15:16:42+00:00\",\"breadcrumb\":{\"@id\":\"https:\/\/www.lecourt-clermont.org\/en\/about\/team\/#breadcrumb\"},\"inLanguage\":\"en-US\",\"potentialAction\":[{\"@type\":\"ReadAction\",\"target\":[\"https:\/\/www.lecourt-clermont.org\/en\/about\/team\/\"]}]},{\"@type\":\"BreadcrumbList\",\"@id\":\"https:\/\/www.lecourt-clermont.org\/en\/about\/team\/#breadcrumb\",\"itemListElement\":[{\"@type\":\"ListItem\",\"position\":1,\"name\":\"Home\",\"item\":\"https:\/\/www.lecourt-clermont.org\/en\/\"},{\"@type\":\"ListItem\",\"position\":2,\"name\":\"About\",\"item\":\"https:\/\/origin2025.lecourt.cloud-sak.com\/en\/about\/\"},{\"@type\":\"ListItem\",\"position\":3,\"name\":\"Team\"}]},{\"@type\":\"WebSite\",\"@id\":\"https:\/\/www.lecourt-clermont.org\/en\/#website\",\"url\":\"https:\/\/www.lecourt-clermont.org\/en\/\",\"name\":\"Festival international du court-m\u00e9trage\",\"description\":\"Le slogan du site\",\"publisher\":{\"@id\":\"https:\/\/www.lecourt-clermont.org\/en\/#organization\"},\"potentialAction\":[{\"@type\":\"SearchAction\",\"target\":{\"@type\":\"EntryPoint\",\"urlTemplate\":\"https:\/\/www.lecourt-clermont.org\/en\/?s={search_term_string}\"},\"query-input\":{\"@type\":\"PropertyValueSpecification\",\"valueRequired\":true,\"valueName\":\"search_term_string\"}}],\"inLanguage\":\"en-US\"},{\"@type\":\"Organization\",\"@id\":\"https:\/\/www.lecourt-clermont.org\/en\/#organization\",\"name\":\"Festival international du court-m\u00e9trage\",\"url\":\"https:\/\/www.lecourt-clermont.org\/en\/\",\"logo\":{\"@type\":\"ImageObject\",\"inLanguage\":\"en-US\",\"@id\":\"https:\/\/www.lecourt-clermont.org\/en\/#\/schema\/logo\/image\/\",\"url\":\"https:\/\/lecourt.cloud-sak.com\/wp-content\/uploads\/2024\/11\/SQP_Logo.png\",\"contentUrl\":\"https:\/\/lecourt.cloud-sak.com\/wp-content\/uploads\/2024\/11\/SQP_Logo.png\",\"width\":616,\"height\":470,\"caption\":\"Festival international du court-m\u00e9trage\"},\"image\":{\"@id\":\"https:\/\/www.lecourt-clermont.org\/en\/#\/schema\/logo\/image\/\"}}]}<\/script>\n<!-- \/ Yoast SEO plugin. -->","yoast_head_json":{"title":"Team - Festival international du court-m\u00e9trage","robots":{"index":"index","follow":"follow","max-snippet":"max-snippet:-1","max-image-preview":"max-image-preview:large","max-video-preview":"max-video-preview:-1"},"canonical":"https:\/\/www.lecourt-clermont.org\/en\/about\/team\/","og_locale":"en_US","og_type":"article","og_title":"Team - Festival international du court-m\u00e9trage","og_description":"[vc_row full_width=&#8221;stretch_row_content_no_spaces&#8221;][vc_column width=&#8221;1\/12&#8243;][\/vc_column][vc_column width=&#8221;5\/6&#8243;][vc_basic_grid post_type=&#8221;profils&#8221; max_items=&#8221;-1&#8243; show_filter=&#8221;yes&#8221; element_width=&#8221;2&#8243; item=&#8221;11386&#8243; initial_loading_animation=&#8221;none&#8221; css=&#8221;&#8221; grid_id=&#8221;vc_gid:1762960572824-7ad0b740-7bf0-2&#8243; filter_source=&#8221;cat-profils&#8221; el_class=&#8221;posts-profils&#8221; taxonomies=&#8221;30, 28, 44, 46, 45, 47, 32, 39, 33, 31, 40, 34&#8243;][\/vc_column][vc_column width=&#8221;1\/12&#8243;][\/vc_column][\/vc_row][vc_row full_width=&#8221;stretch_row_content_no_spaces&#8221;][vc_column width=&#8221;1\/12&#8243;][\/vc_column][vc_column width=&#8221;5\/6&#8243;][vc_separator border_width=&#8221;2&#8243; css=&#8221;&#8221;][vc_basic_grid post_type=&#8221;profils&#8221; max_items=&#8221;-1&#8243; show_filter=&#8221;yes&#8221; element_width=&#8221;2&#8243; item=&#8221;11386&#8243; initial_loading_animation=&#8221;none&#8221; css=&#8221;&#8221; grid_id=&#8221;vc_gid:1762960572824-969bd08d-0692-1&#8243; filter_source=&#8221;cat-profils&#8221; el_class=&#8221;posts-profils&#8221; taxonomies=&#8221;216&#8243;][\/vc_column][vc_column width=&#8221;1\/12&#8243;][\/vc_column][\/vc_row][vc_row full_width=&#8221;stretch_row_content_no_spaces&#8221;][vc_column width=&#8221;1\/12&#8243;][\/vc_column][vc_column width=&#8221;10\/12&#8243;][vc_separator border_width=&#8221;2&#8243; css=&#8221;&#8221;][vc_column_text css=&#8221;&#8221;] Interns, civil services &amp; work-study [&hellip;]","og_url":"https:\/\/www.lecourt-clermont.org\/en\/about\/team\/","og_site_name":"Festival international du court-m\u00e9trage","article_modified_time":"2025-11-12T15:16:42+00:00","og_image":[{"width":616,"height":470,"url":"https:\/\/www.lecourt-clermont.org\/wp-content\/uploads\/2024\/11\/SQP_Logo.png","type":"image\/png"}],"twitter_card":"summary_large_image","twitter_misc":{"Est. reading time":"2 minutes"},"schema":{"@context":"https:\/\/schema.org","@graph":[{"@type":"WebPage","@id":"https:\/\/www.lecourt-clermont.org\/en\/about\/team\/","url":"https:\/\/www.lecourt-clermont.org\/en\/about\/team\/","name":"Team - Festival international du court-m\u00e9trage","isPartOf":{"@id":"https:\/\/www.lecourt-clermont.org\/en\/#website"},"datePublished":"2024-11-15T11:02:00+00:00","dateModified":"2025-11-12T15:16:42+00:00","breadcrumb":{"@id":"https:\/\/www.lecourt-clermont.org\/en\/about\/team\/#breadcrumb"},"inLanguage":"en-US","potentialAction":[{"@type":"ReadAction","target":["https:\/\/www.lecourt-clermont.org\/en\/about\/team\/"]}]},{"@type":"BreadcrumbList","@id":"https:\/\/www.lecourt-clermont.org\/en\/about\/team\/#breadcrumb","itemListElement":[{"@type":"ListItem","position":1,"name":"Home","item":"https:\/\/www.lecourt-clermont.org\/en\/"},{"@type":"ListItem","position":2,"name":"About","item":"https:\/\/origin2025.lecourt.cloud-sak.com\/en\/about\/"},{"@type":"ListItem","position":3,"name":"Team"}]},{"@type":"WebSite","@id":"https:\/\/www.lecourt-clermont.org\/en\/#website","url":"https:\/\/www.lecourt-clermont.org\/en\/","name":"Festival international du court-m\u00e9trage","description":"Le slogan du site","publisher":{"@id":"https:\/\/www.lecourt-clermont.org\/en\/#organization"},"potentialAction":[{"@type":"SearchAction","target":{"@type":"EntryPoint","urlTemplate":"https:\/\/www.lecourt-clermont.org\/en\/?s={search_term_string}"},"query-input":{"@type":"PropertyValueSpecification","valueRequired":true,"valueName":"search_term_string"}}],"inLanguage":"en-US"},{"@type":"Organization","@id":"https:\/\/www.lecourt-clermont.org\/en\/#organization","name":"Festival international du court-m\u00e9trage","url":"https:\/\/www.lecourt-clermont.org\/en\/","logo":{"@type":"ImageObject","inLanguage":"en-US","@id":"https:\/\/www.lecourt-clermont.org\/en\/#\/schema\/logo\/image\/","url":"https:\/\/lecourt.cloud-sak.com\/wp-content\/uploads\/2024\/11\/SQP_Logo.png","contentUrl":"https:\/\/lecourt.cloud-sak.com\/wp-content\/uploads\/2024\/11\/SQP_Logo.png","width":616,"height":470,"caption":"Festival international du court-m\u00e9trage"},"image":{"@id":"https:\/\/www.lecourt-clermont.org\/en\/#\/schema\/logo\/image\/"}}]}},"_links":{"self":[{"href":"https:\/\/www.lecourt-clermont.org\/en\/wp-json\/wp\/v2\/pages\/14599","targetHints":{"allow":["GET"]}}],"collection":[{"href":"https:\/\/www.lecourt-clermont.org\/en\/wp-json\/wp\/v2\/pages"}],"about":[{"href":"https:\/\/www.lecourt-clermont.org\/en\/wp-json\/wp\/v2\/types\/page"}],"author":[{"embeddable":true,"href":"https:\/\/www.lecourt-clermont.org\/en\/wp-json\/wp\/v2\/users\/2"}],"replies":[{"embeddable":true,"href":"https:\/\/www.lecourt-clermont.org\/en\/wp-json\/wp\/v2\/comments?post=14599"}],"version-history":[{"count":9,"href":"https:\/\/www.lecourt-clermont.org\/en\/wp-json\/wp\/v2\/pages\/14599\/revisions"}],"predecessor-version":[{"id":125582,"href":"https:\/\/www.lecourt-clermont.org\/en\/wp-json\/wp\/v2\/pages\/14599\/revisions\/125582"}],"up":[{"embeddable":true,"href":"https:\/\/www.lecourt-clermont.org\/en\/wp-json\/wp\/v2\/pages\/37614"}],"wp:attachment":[{"href":"https:\/\/www.lecourt-clermont.org\/en\/wp-json\/wp\/v2\/media?parent=14599"}],"curies":[{"name":"wp","href":"https:\/\/api.w.org\/{rel}","templated":true}]}}