{"id":14585,"date":"2024-11-15T11:54:02","date_gmt":"2024-11-15T10:54:02","guid":{"rendered":"https:\/\/lecourt.cloud-sak.com\/?page_id=14585"},"modified":"2026-04-08T16:32:29","modified_gmt":"2026-04-08T14:32:29","slug":"talents-connexion","status":"publish","type":"page","link":"https:\/\/www.lecourt-clermont.org\/en\/industry-events\/talents-connexion\/","title":{"rendered":"Talents connexion"},"content":{"rendered":"<div class=\"wpb-content-wrapper\"><p>[vc_row full_width=&#8221;stretch_row_content_no_spaces&#8221; equal_height=&#8221;yes&#8221; rtl_reverse=&#8221;yes&#8221;][vc_column width=&#8221;1\/12&#8243;][\/vc_column][vc_column width=&#8221;1\/6&#8243; el_class=&#8221;colonne-infos&#8221;][vc_column_text css=&#8221;.vc_custom_1732895253812{margin-bottom: 15px !important;}&#8221;]<\/p>\n<h2>Info<\/h2>\n<p>[\/vc_column_text][vc_column_text css=&#8221;.vc_custom_1758546083084{margin-bottom: 15px !important;}&#8221; el_class=&#8221;horaires&#8221;]Monday 2 &gt; Thursday 5 February 2026<br \/>\n09:00 \u2013 19:00[\/vc_column_text][vc_column_text css=&#8221;.vc_custom_1731935108320{margin-bottom: 15px !important;}&#8221; el_class=&#8221;info&#8221;]Reserved for accredited professionals[\/vc_column_text][vc_column_text css=&#8221;.vc_custom_1732895276591{margin-bottom: 15px !important;}&#8221; el_class=&#8221;adresse&#8221;]<strong>Agora<br \/>\n<\/strong>Short Film Market<br \/>\nJean-&amp;-Honor\u00e9-Fleury gymnasium<br \/>\nRue Abb\u00e9-de-l\u2019\u00c9p\u00e9e<br \/>\n63000 Clermont-Ferrand<br \/>\n<em>(behind the Maison de la culture)<\/em>[\/vc_column_text]<div class=\"ult-spacer spacer-6a08855e8c0b3\" data-id=\"6a08855e8c0b3\" data-height=\"30\" data-height-mobile=\"30\" data-height-tab=\"30\" data-height-tab-portrait=\"\" data-height-mobile-landscape=\"\" style=\"clear:both;display:block;\"><\/div>[vc_btn title=&#8221;See on a map&#8221; shape=&#8221;square&#8221; color=&#8221;default&#8221; align=&#8221;center&#8221; css=&#8221;&#8221; button_block=&#8221;true&#8221; link=&#8221;url:https%3A%2F%2Fmaps.app.goo.gl%2FXs4EjFkzmKzMBfKf6|target:_blank&#8221; el_class=&#8221;bouton coul-1 petit&#8221;][vc_btn title=&#8221;Festival &amp; Market venues&#8221; shape=&#8221;square&#8221; color=&#8221;default&#8221; align=&#8221;center&#8221; css=&#8221;&#8221; button_block=&#8221;true&#8221; link=&#8221;url:https%3A%2F%2Fwww.lecourt-clermont.org%2Fen%2Ffestival-market-venues%2F|title:Lieux%20du%20Festival%20et%20du%20March%C3%A9|target:_blank&#8221; el_class=&#8221;bouton coul-2 petit&#8221;]<div class=\"ult-spacer spacer-6a08855e8c118\" data-id=\"6a08855e8c118\" data-height=\"30\" data-height-mobile=\"30\" data-height-tab=\"30\" data-height-tab-portrait=\"\" data-height-mobile-landscape=\"\" style=\"clear:both;display:block;\"><\/div>[vc_column_text css=&#8221;.vc_custom_1729522501291{margin-bottom: 15px !important;}&#8221;]<\/p>\n<h2>Contact<\/h2>\n<p>[\/vc_column_text][vc_column_text css=&#8221;.vc_custom_1775658656672{margin-bottom: 15px !important;}&#8221; el_class=&#8221;contact&#8221;]Fanny BARROT<br \/>\n<a href=\"mailto:f.barrot@lecourt-clermont.org\">f.barrot@lecourt-clermont.org<\/a>[\/vc_column_text][\/vc_column][vc_column width=&#8221;1\/12&#8243;][\/vc_column][vc_column width=&#8221;8\/12&#8243;][vc_row_inner content_placement=&#8221;middle&#8221; gap=&#8221;15&#8243; css=&#8221;.vc_custom_1727092995924{margin-right: 90px !important;margin-left: 0px !important;background-color: #FFFFFF !important;}&#8221;][vc_column_inner css=&#8221;.vc_custom_1727099451132{padding-top: 0px !important;}&#8221;][vc_column_text css=&#8221;&#8221;]<\/p>\n<h2>Talents connexion issues and objectives:<\/h2>\n<p>[\/vc_column_text][vc_column_text css=&#8221;&#8221;]<\/p>\n<ul>\n<li><strong>Highlight emerging talent that<\/strong> is little-identified on the market<\/li>\n<li><strong>Enable talents to present their projects<\/strong> to established professionals<\/li>\n<li>Create a porous zone between education\/training\/pre-professionals and professionals\/short film industry\/production<\/li>\n<li>Facilitate meetings between emerging filmmakers and producers\/distributors, and understand the challenges of the short film economy.<\/li>\n<li>Open up to international talent to create more exchanges on talent support practices.<\/li>\n<\/ul>\n<p>[\/vc_column_text][\/vc_column_inner][\/vc_row_inner][vc_single_image image=&#8221;9483&#8243; img_size=&#8221;large&#8221; alignment=&#8221;center&#8221; css=&#8221;&#8221;][vc_row_inner content_placement=&#8221;middle&#8221; gap=&#8221;15&#8243; css=&#8221;.vc_custom_1727092995924{margin-right: 90px !important;margin-left: 0px !important;background-color: #FFFFFF !important;}&#8221;][vc_column_inner css=&#8221;.vc_custom_1727099451132{padding-top: 0px !important;}&#8221;][vc_column_text css=&#8221;&#8221;]<\/p>\n<h3><strong>A program combining visibility, workshops, networking and experience sharing.<\/strong><\/h3>\n<p>[\/vc_column_text][vc_column_text css=&#8221;&#8221;]In 2026, Talents connexion continues to promote emerging French, European and international talent at the Short Film Market!<\/p>\n<p>Supported by leading structures in the film industry, <strong>the talents are welcomed to the <\/strong><em><strong>Agora<\/strong><\/em><strong>, a dedicated space in the Short Film Market, every afternoon from Monday to Thursday,<\/strong> to present their short film projects. All professionals looking for new talent are welcome!<\/p>\n<p>The <em><strong>Talents Connection<\/strong><\/em> program also enables participants to benefit from a special program<strong> of themed workshops<\/strong> and <strong>dedicated meetings with professionals and production<\/strong> <strong>students<\/strong>.[\/vc_column_text][\/vc_column_inner][\/vc_row_inner][vc_row_inner][vc_column_inner width=&#8221;1\/2&#8243;][vc_btn title=&#8221;2026 project book (flipbook)&#8221; shape=&#8221;square&#8221; align=&#8221;center&#8221; css=&#8221;&#8221; link=&#8221;url:https%3A%2F%2Fheyzine.com%2Fflip-book%2F6d8d8ca202.html|target:_blank&#8221; el_class=&#8221;bouton coul-3&#8243;][\/vc_column_inner][vc_column_inner width=&#8221;1\/2&#8243;][vc_btn title=&#8221;2026 project book (PDF)&#8221; shape=&#8221;square&#8221; align=&#8221;center&#8221; css=&#8221;&#8221; link=&#8221;url:https%3A%2F%2Fwww.lecourt-clermont.org%2Fwp-content%2Fuploads%2F2026%2F01%2FLivre-des-projets-Talents-Connexion-2026-3.pdf|target:_blank&#8221; el_class=&#8221;bouton coul-sombre&#8221;][\/vc_column_inner][\/vc_row_inner]<div class=\"ult-spacer spacer-6a08855e8c153\" data-id=\"6a08855e8c153\" data-height=\"30\" data-height-mobile=\"30\" data-height-tab=\"30\" data-height-tab-portrait=\"\" data-height-mobile-landscape=\"\" style=\"clear:both;display:block;\"><\/div>[vc_column_text css=&#8221;&#8221;]In 2026, 21<strong>\u00a0groups supported by national and international structures<\/strong> are taking part in the program:<\/p>\n<p>ALCA \u2013 Nouvelle Aquitaine \u2022 Asie du Sud-Est \u2022 Centro Del Corto \u2022 Ciclic \u2013 Centre-Val de Loire \u2022 Cin\u00e9kour \u2022 Cin\u00e9sud \u2022 CNC Talents en Court \u2022 Le Court \u2022 Doc Society \u2022 GREC \u2022 IDM S\u00fcdTirol \u2022 London Film School \u2022 Maison du film \u2022 Nigeria x C\u00f4te d&#8217;Ivoire \u2022 Normandie Images \u2022 P\u00f4le Pixel x Septi\u00e8me Sc\u00e9nar\u2019 x Accroche sc\u00e9naristes \u2022 Que du feu \u2022 R\u00e9sidence de Saint Quirin \u2022 Rise &amp; Shine \u2013 CEE Animation \u2022 S\u00e9quences 7 \u2022 T-Port.[\/vc_column_text]<div class=\"ult-spacer spacer-6a08855e8c189\" data-id=\"6a08855e8c189\" data-height=\"30\" data-height-mobile=\"30\" data-height-tab=\"30\" data-height-tab-portrait=\"\" data-height-mobile-landscape=\"\" style=\"clear:both;display:block;\"><\/div>[\/vc_column][\/vc_row]<\/p>\n<\/div>","protected":false},"excerpt":{"rendered":"<p>[vc_row full_width=&#8221;stretch_row_content_no_spaces&#8221; equal_height=&#8221;yes&#8221; rtl_reverse=&#8221;yes&#8221;][vc_column width=&#8221;1\/12&#8243;][\/vc_column][vc_column width=&#8221;1\/6&#8243; el_class=&#8221;colonne-infos&#8221;][vc_column_text css=&#8221;.vc_custom_1732895253812{margin-bottom: 15px !important;}&#8221;] Info [\/vc_column_text][vc_column_text css=&#8221;.vc_custom_1758546083084{margin-bottom: 15px !important;}&#8221; el_class=&#8221;horaires&#8221;]Monday 2 &gt; Thursday 5 February 2026 09:00 \u2013 19:00[\/vc_column_text][vc_column_text css=&#8221;.vc_custom_1731935108320{margin-bottom: 15px !important;}&#8221; el_class=&#8221;info&#8221;]Reserved for accredited professionals[\/vc_column_text][vc_column_text css=&#8221;.vc_custom_1732895276591{margin-bottom: 15px !important;}&#8221; el_class=&#8221;adresse&#8221;]Agora Short Film Market Jean-&amp;-Honor\u00e9-Fleury gymnasium Rue Abb\u00e9-de-l\u2019\u00c9p\u00e9e 63000 Clermont-Ferrand (behind the Maison de la culture)[\/vc_column_text][vc_btn title=&#8221;See on a map&#8221; [&hellip;]<\/p>\n","protected":false},"author":2,"featured_media":0,"parent":37606,"menu_order":0,"comment_status":"closed","ping_status":"closed","template":"","meta":{"_acf_changed":false,"footnotes":""},"class_list":["post-14585","page","type-page","status-publish","hentry"],"acf":[],"yoast_head":"<!-- This site is optimized with the Yoast SEO plugin v25.3 - https:\/\/yoast.com\/wordpress\/plugins\/seo\/ -->\n<title>Talents connexion - Festival international du court-m\u00e9trage<\/title>\n<meta name=\"robots\" content=\"index, follow, max-snippet:-1, max-image-preview:large, max-video-preview:-1\" \/>\n<link rel=\"canonical\" href=\"https:\/\/www.lecourt-clermont.org\/en\/industry-events\/talents-connexion\/\" \/>\n<meta property=\"og:locale\" content=\"en_US\" \/>\n<meta property=\"og:type\" content=\"article\" \/>\n<meta property=\"og:title\" content=\"Talents connexion - Festival international du court-m\u00e9trage\" \/>\n<meta property=\"og:description\" content=\"[vc_row full_width=&#8221;stretch_row_content_no_spaces&#8221; equal_height=&#8221;yes&#8221; rtl_reverse=&#8221;yes&#8221;][vc_column width=&#8221;1\/12&#8243;][\/vc_column][vc_column width=&#8221;1\/6&#8243; el_class=&#8221;colonne-infos&#8221;][vc_column_text css=&#8221;.vc_custom_1732895253812{margin-bottom: 15px !important;}&#8221;] Info [\/vc_column_text][vc_column_text css=&#8221;.vc_custom_1758546083084{margin-bottom: 15px !important;}&#8221; el_class=&#8221;horaires&#8221;]Monday 2 &gt; Thursday 5 February 2026 09:00 \u2013 19:00[\/vc_column_text][vc_column_text css=&#8221;.vc_custom_1731935108320{margin-bottom: 15px !important;}&#8221; el_class=&#8221;info&#8221;]Reserved for accredited professionals[\/vc_column_text][vc_column_text css=&#8221;.vc_custom_1732895276591{margin-bottom: 15px !important;}&#8221; el_class=&#8221;adresse&#8221;]Agora Short Film Market Jean-&amp;-Honor\u00e9-Fleury gymnasium Rue Abb\u00e9-de-l\u2019\u00c9p\u00e9e 63000 Clermont-Ferrand (behind the Maison de la culture)[\/vc_column_text][vc_btn title=&#8221;See on a map&#8221; [&hellip;]\" \/>\n<meta property=\"og:url\" content=\"https:\/\/www.lecourt-clermont.org\/en\/industry-events\/talents-connexion\/\" \/>\n<meta property=\"og:site_name\" content=\"Festival international du court-m\u00e9trage\" \/>\n<meta property=\"article:modified_time\" content=\"2026-04-08T14:32:29+00:00\" \/>\n<meta property=\"og:image\" content=\"https:\/\/www.lecourt-clermont.org\/wp-content\/uploads\/2024\/11\/SQP_Logo.png\" \/>\n\t<meta property=\"og:image:width\" content=\"616\" \/>\n\t<meta property=\"og:image:height\" content=\"470\" \/>\n\t<meta property=\"og:image:type\" content=\"image\/png\" \/>\n<meta name=\"twitter:card\" content=\"summary_large_image\" \/>\n<meta name=\"twitter:label1\" content=\"Est. reading time\" \/>\n\t<meta name=\"twitter:data1\" content=\"3 minutes\" \/>\n<script type=\"application\/ld+json\" class=\"yoast-schema-graph\">{\"@context\":\"https:\/\/schema.org\",\"@graph\":[{\"@type\":\"WebPage\",\"@id\":\"https:\/\/www.lecourt-clermont.org\/en\/industry-events\/talents-connexion\/\",\"url\":\"https:\/\/www.lecourt-clermont.org\/en\/industry-events\/talents-connexion\/\",\"name\":\"Talents connexion - Festival international du court-m\u00e9trage\",\"isPartOf\":{\"@id\":\"https:\/\/www.lecourt-clermont.org\/en\/#website\"},\"datePublished\":\"2024-11-15T10:54:02+00:00\",\"dateModified\":\"2026-04-08T14:32:29+00:00\",\"breadcrumb\":{\"@id\":\"https:\/\/www.lecourt-clermont.org\/en\/industry-events\/talents-connexion\/#breadcrumb\"},\"inLanguage\":\"en-US\",\"potentialAction\":[{\"@type\":\"ReadAction\",\"target\":[\"https:\/\/www.lecourt-clermont.org\/en\/industry-events\/talents-connexion\/\"]}]},{\"@type\":\"BreadcrumbList\",\"@id\":\"https:\/\/www.lecourt-clermont.org\/en\/industry-events\/talents-connexion\/#breadcrumb\",\"itemListElement\":[{\"@type\":\"ListItem\",\"position\":1,\"name\":\"Home\",\"item\":\"https:\/\/www.lecourt-clermont.org\/en\/\"},{\"@type\":\"ListItem\",\"position\":2,\"name\":\"Industry events\",\"item\":\"https:\/\/origin2025.lecourt.cloud-sak.com\/en\/industry-events\/\"},{\"@type\":\"ListItem\",\"position\":3,\"name\":\"Talents connexion\"}]},{\"@type\":\"WebSite\",\"@id\":\"https:\/\/www.lecourt-clermont.org\/en\/#website\",\"url\":\"https:\/\/www.lecourt-clermont.org\/en\/\",\"name\":\"Festival international du court-m\u00e9trage\",\"description\":\"Le slogan du site\",\"publisher\":{\"@id\":\"https:\/\/www.lecourt-clermont.org\/en\/#organization\"},\"potentialAction\":[{\"@type\":\"SearchAction\",\"target\":{\"@type\":\"EntryPoint\",\"urlTemplate\":\"https:\/\/www.lecourt-clermont.org\/en\/?s={search_term_string}\"},\"query-input\":{\"@type\":\"PropertyValueSpecification\",\"valueRequired\":true,\"valueName\":\"search_term_string\"}}],\"inLanguage\":\"en-US\"},{\"@type\":\"Organization\",\"@id\":\"https:\/\/www.lecourt-clermont.org\/en\/#organization\",\"name\":\"Festival international du court-m\u00e9trage\",\"url\":\"https:\/\/www.lecourt-clermont.org\/en\/\",\"logo\":{\"@type\":\"ImageObject\",\"inLanguage\":\"en-US\",\"@id\":\"https:\/\/www.lecourt-clermont.org\/en\/#\/schema\/logo\/image\/\",\"url\":\"https:\/\/lecourt.cloud-sak.com\/wp-content\/uploads\/2024\/11\/SQP_Logo.png\",\"contentUrl\":\"https:\/\/lecourt.cloud-sak.com\/wp-content\/uploads\/2024\/11\/SQP_Logo.png\",\"width\":616,\"height\":470,\"caption\":\"Festival international du court-m\u00e9trage\"},\"image\":{\"@id\":\"https:\/\/www.lecourt-clermont.org\/en\/#\/schema\/logo\/image\/\"}}]}<\/script>\n<!-- \/ Yoast SEO plugin. -->","yoast_head_json":{"title":"Talents connexion - Festival international du court-m\u00e9trage","robots":{"index":"index","follow":"follow","max-snippet":"max-snippet:-1","max-image-preview":"max-image-preview:large","max-video-preview":"max-video-preview:-1"},"canonical":"https:\/\/www.lecourt-clermont.org\/en\/industry-events\/talents-connexion\/","og_locale":"en_US","og_type":"article","og_title":"Talents connexion - Festival international du court-m\u00e9trage","og_description":"[vc_row full_width=&#8221;stretch_row_content_no_spaces&#8221; equal_height=&#8221;yes&#8221; rtl_reverse=&#8221;yes&#8221;][vc_column width=&#8221;1\/12&#8243;][\/vc_column][vc_column width=&#8221;1\/6&#8243; el_class=&#8221;colonne-infos&#8221;][vc_column_text css=&#8221;.vc_custom_1732895253812{margin-bottom: 15px !important;}&#8221;] Info [\/vc_column_text][vc_column_text css=&#8221;.vc_custom_1758546083084{margin-bottom: 15px !important;}&#8221; el_class=&#8221;horaires&#8221;]Monday 2 &gt; Thursday 5 February 2026 09:00 \u2013 19:00[\/vc_column_text][vc_column_text css=&#8221;.vc_custom_1731935108320{margin-bottom: 15px !important;}&#8221; el_class=&#8221;info&#8221;]Reserved for accredited professionals[\/vc_column_text][vc_column_text css=&#8221;.vc_custom_1732895276591{margin-bottom: 15px !important;}&#8221; el_class=&#8221;adresse&#8221;]Agora Short Film Market Jean-&amp;-Honor\u00e9-Fleury gymnasium Rue Abb\u00e9-de-l\u2019\u00c9p\u00e9e 63000 Clermont-Ferrand (behind the Maison de la culture)[\/vc_column_text][vc_btn title=&#8221;See on a map&#8221; [&hellip;]","og_url":"https:\/\/www.lecourt-clermont.org\/en\/industry-events\/talents-connexion\/","og_site_name":"Festival international du court-m\u00e9trage","article_modified_time":"2026-04-08T14:32:29+00:00","og_image":[{"width":616,"height":470,"url":"https:\/\/www.lecourt-clermont.org\/wp-content\/uploads\/2024\/11\/SQP_Logo.png","type":"image\/png"}],"twitter_card":"summary_large_image","twitter_misc":{"Est. reading time":"3 minutes"},"schema":{"@context":"https:\/\/schema.org","@graph":[{"@type":"WebPage","@id":"https:\/\/www.lecourt-clermont.org\/en\/industry-events\/talents-connexion\/","url":"https:\/\/www.lecourt-clermont.org\/en\/industry-events\/talents-connexion\/","name":"Talents connexion - Festival international du court-m\u00e9trage","isPartOf":{"@id":"https:\/\/www.lecourt-clermont.org\/en\/#website"},"datePublished":"2024-11-15T10:54:02+00:00","dateModified":"2026-04-08T14:32:29+00:00","breadcrumb":{"@id":"https:\/\/www.lecourt-clermont.org\/en\/industry-events\/talents-connexion\/#breadcrumb"},"inLanguage":"en-US","potentialAction":[{"@type":"ReadAction","target":["https:\/\/www.lecourt-clermont.org\/en\/industry-events\/talents-connexion\/"]}]},{"@type":"BreadcrumbList","@id":"https:\/\/www.lecourt-clermont.org\/en\/industry-events\/talents-connexion\/#breadcrumb","itemListElement":[{"@type":"ListItem","position":1,"name":"Home","item":"https:\/\/www.lecourt-clermont.org\/en\/"},{"@type":"ListItem","position":2,"name":"Industry events","item":"https:\/\/origin2025.lecourt.cloud-sak.com\/en\/industry-events\/"},{"@type":"ListItem","position":3,"name":"Talents connexion"}]},{"@type":"WebSite","@id":"https:\/\/www.lecourt-clermont.org\/en\/#website","url":"https:\/\/www.lecourt-clermont.org\/en\/","name":"Festival international du court-m\u00e9trage","description":"Le slogan du site","publisher":{"@id":"https:\/\/www.lecourt-clermont.org\/en\/#organization"},"potentialAction":[{"@type":"SearchAction","target":{"@type":"EntryPoint","urlTemplate":"https:\/\/www.lecourt-clermont.org\/en\/?s={search_term_string}"},"query-input":{"@type":"PropertyValueSpecification","valueRequired":true,"valueName":"search_term_string"}}],"inLanguage":"en-US"},{"@type":"Organization","@id":"https:\/\/www.lecourt-clermont.org\/en\/#organization","name":"Festival international du court-m\u00e9trage","url":"https:\/\/www.lecourt-clermont.org\/en\/","logo":{"@type":"ImageObject","inLanguage":"en-US","@id":"https:\/\/www.lecourt-clermont.org\/en\/#\/schema\/logo\/image\/","url":"https:\/\/lecourt.cloud-sak.com\/wp-content\/uploads\/2024\/11\/SQP_Logo.png","contentUrl":"https:\/\/lecourt.cloud-sak.com\/wp-content\/uploads\/2024\/11\/SQP_Logo.png","width":616,"height":470,"caption":"Festival international du court-m\u00e9trage"},"image":{"@id":"https:\/\/www.lecourt-clermont.org\/en\/#\/schema\/logo\/image\/"}}]}},"_links":{"self":[{"href":"https:\/\/www.lecourt-clermont.org\/en\/wp-json\/wp\/v2\/pages\/14585","targetHints":{"allow":["GET"]}}],"collection":[{"href":"https:\/\/www.lecourt-clermont.org\/en\/wp-json\/wp\/v2\/pages"}],"about":[{"href":"https:\/\/www.lecourt-clermont.org\/en\/wp-json\/wp\/v2\/types\/page"}],"author":[{"embeddable":true,"href":"https:\/\/www.lecourt-clermont.org\/en\/wp-json\/wp\/v2\/users\/2"}],"replies":[{"embeddable":true,"href":"https:\/\/www.lecourt-clermont.org\/en\/wp-json\/wp\/v2\/comments?post=14585"}],"version-history":[{"count":23,"href":"https:\/\/www.lecourt-clermont.org\/en\/wp-json\/wp\/v2\/pages\/14585\/revisions"}],"predecessor-version":[{"id":243432,"href":"https:\/\/www.lecourt-clermont.org\/en\/wp-json\/wp\/v2\/pages\/14585\/revisions\/243432"}],"up":[{"embeddable":true,"href":"https:\/\/www.lecourt-clermont.org\/en\/wp-json\/wp\/v2\/pages\/37606"}],"wp:attachment":[{"href":"https:\/\/www.lecourt-clermont.org\/en\/wp-json\/wp\/v2\/media?parent=14585"}],"curies":[{"name":"wp","href":"https:\/\/api.w.org\/{rel}","templated":true}]}}